{"id":2319,"date":"2022-10-19T18:28:23","date_gmt":"2022-10-19T16:28:23","guid":{"rendered":"https:\/\/foxo365.pl\/?post_type=product&#038;p=2319"},"modified":"2025-11-28T12:16:33","modified_gmt":"2025-11-28T11:16:33","slug":"laptop-hp-255-g8-3v5h1ea-ryzen-5-5500u-156fhd-8gb-256ssd-int-w10p","status":"publish","type":"product","link":"https:\/\/foxo365.pl\/de\/specyfikacja\/laptop-hp-255-g8-3v5h1ea-ryzen-5-5500u-156fhd-8gb-256ssd-int-w10p\/","title":{"rendered":"HP 255 G8 Laptop"},"content":{"rendered":"<div class=\"compactContent d-block mt-5\">\n<h3><img fetchpriority=\"high\" decoding=\"async\" class=\"aligncenter size-large wp-image-2327\" src=\"https:\/\/foxo365.pl\/wp-content\/uploads\/2022\/10\/image-1200x661.png\" alt=\"\" width=\"1200\" height=\"661\" srcset=\"https:\/\/foxo365.pl\/wp-content\/uploads\/2022\/10\/image-1200x661.png 1200w, https:\/\/foxo365.pl\/wp-content\/uploads\/2022\/10\/image-350x193.png 350w, https:\/\/foxo365.pl\/wp-content\/uploads\/2022\/10\/image-768x423.png 768w, https:\/\/foxo365.pl\/wp-content\/uploads\/2022\/10\/image-1536x846.png 1536w, https:\/\/foxo365.pl\/wp-content\/uploads\/2022\/10\/image-2048x1128.png 2048w, https:\/\/foxo365.pl\/wp-content\/uploads\/2022\/10\/image-18x10.png 18w, https:\/\/foxo365.pl\/wp-content\/uploads\/2022\/10\/image-250x138.png 250w\" sizes=\"(max-width: 1200px) 100vw, 1200px\" \/><\/h3>\n<h3 class=\"contentBlock p-0\"><span style=\"color: #999999;\">Entdecken Sie den HP255<\/span><\/h3>\n<div class=\"contentBlock bg-white\">\n<h2 class=\"mb-0 d-block dsp-7 dsp-lg-8 lh-140 text-black font-weight-normal\">Eine Grundlage f\u00fcr jedes moderne Unternehmen<\/h2>\n<p class=\"mt-4 d-block dsp-3 lh-160 mt-4 text-black\"><a href=\"https:\/\/delkom.pl\/k\/laptopy-hp-255\">PS 255<\/a> ist eine ideale L\u00f6sung f\u00fcr Unternehmer, die budgetfreundliche und effiziente Computer ben\u00f6tigen. Moderne AMD-Prozessoren sorgen f\u00fcr eine schnelle Reaktion auf Benutzeraktionen und -aufgaben sowie f\u00fcr Energieeinsparungen. Dies f\u00fchrt zu einer hohen Produktivit\u00e4t, auch wenn Sie au\u00dferhalb des B\u00fcros arbeiten. Anschl\u00fcsse an den Seiten des Geh\u00e4uses garantieren die M\u00f6glichkeit, die Funktionalit\u00e4t durch weiteres Zubeh\u00f6r zu erweitern. Der einfache Zugriff auf Informationen ist auf schnelle Formen der Netzwerkkonnektivit\u00e4t zur\u00fcckzuf\u00fchren. Mit HP 255 k\u00f6nnen Sie dank all seiner Vorteile auf einfache Weise ein positives Image des Unternehmens aufbauen.<\/p>\n<\/div>\n<div class=\"contentBlock bg-black contentBlock__borderTop --white\">\n<ul>\n<li class=\"contentBlock__feature text-center text-white borderTop__item dsp-4 dsp-md-4 px-5\">Um das Spielfeld auszugleichen<\/li>\n<li class=\"contentBlock__feature text-center text-white borderTop__item dsp-4 dsp-md-4 px-5\">H\u00e4lt mit der Arbeitsbelastung Schritt<\/li>\n<li class=\"contentBlock__feature text-center text-white borderTop__item dsp-4 dsp-md-4 px-5\">Die Essenz eines Business-Laptops<\/li>\n<li class=\"contentBlock__feature text-center text-white borderTop__item dsp-4 dsp-md-4 px-5\">Alles Notwendige<\/li>\n<\/ul>\n<\/div>\n<div class=\"contentBlock bg-white\">\n<h2 class=\"mb-0 d-block dsp-7 dsp-lg-8 lh-140 text-black font-weight-normal\">Um das Spielfeld auszugleichen<\/h2>\n<p class=\"mt-4 d-block dsp-3 lh-160 mt-4 text-black\">Die HP 255 PCs wurden entwickelt, um preisbewussten Unternehmen die Tools an die Hand zu geben, um wettbewerbsf\u00e4hig zu bleiben. Beispiele f\u00fcr solche Unternehmen sind Einzelunternehmen und kleine Unternehmen mit einer geringen Anzahl von Mitarbeitern. Die Anh\u00e4ufung vieler Elemente, die in einem modernen Unternehmen notwendig sind, bietet die M\u00f6glichkeit, sich bei der Verwendung des HP 255 weiterzuentwickeln. Dar\u00fcber hinaus erm\u00f6glichen sie es diesen Computern, auch dann sehr n\u00fctzlich zu bleiben, wenn das Unternehmen bereits einen Wendepunkt in seiner Entwicklung hinter sich hat und \u00fcber gr\u00f6\u00dfere finanzielle Mittel verf\u00fcgt Ressourcen.<\/p>\n<\/div>\n<div class=\"contentBlock p-0\"><img decoding=\"async\" class=\"aligncenter size-large wp-image-2328\" src=\"https:\/\/foxo365.pl\/wp-content\/uploads\/2022\/10\/image-1-1200x661.png\" alt=\"\" width=\"1200\" height=\"661\" srcset=\"https:\/\/foxo365.pl\/wp-content\/uploads\/2022\/10\/image-1-1200x661.png 1200w, https:\/\/foxo365.pl\/wp-content\/uploads\/2022\/10\/image-1-350x193.png 350w, https:\/\/foxo365.pl\/wp-content\/uploads\/2022\/10\/image-1-768x423.png 768w, https:\/\/foxo365.pl\/wp-content\/uploads\/2022\/10\/image-1-1536x846.png 1536w, https:\/\/foxo365.pl\/wp-content\/uploads\/2022\/10\/image-1-2048x1128.png 2048w, https:\/\/foxo365.pl\/wp-content\/uploads\/2022\/10\/image-1-18x10.png 18w, https:\/\/foxo365.pl\/wp-content\/uploads\/2022\/10\/image-1-250x138.png 250w\" sizes=\"(max-width: 1200px) 100vw, 1200px\" \/><\/div>\n<div class=\"contentBlock bg-white\">\n<h2 class=\"mb-0 d-block dsp-7 dsp-lg-8 lh-140 text-black font-weight-normal\">H\u00e4lt mit der Arbeitsbelastung Schritt<\/h2>\n<p class=\"mt-4 d-block dsp-3 lh-160 mt-4 text-black\">HP 255-Laptops sind mit mehreren Elementen ausgestattet, die nicht nur die Geschwindigkeit der Aufgaben, sondern auch den allgemeinen Nutzungskomfort bestimmen. Die Verf\u00fcgbarkeit einer Reihe moderner AMD-Prozessoren erm\u00f6glicht es Ihnen, ganz einfach ein Modell auszuw\u00e4hlen, das Ihren Anforderungen entspricht. Das Gesamtbild wird durch einen schnellen und umfangreichen Speicher erg\u00e4nzt: Betriebs- und Massenspeicher. Dank dieser Elemente kann sich die CPU sofort um die Datenverarbeitung k\u00fcmmern, w\u00e4hrend Anwendungen und Dateien geladen werden. Das Endergebnis ist eine erh\u00f6hte Benutzerzufriedenheit, da die Arbeit in sehr kurzer Zeit und ohne frustrierende Verz\u00f6gerungen erledigt wurde.<\/p>\n<\/div>\n<div class=\"contentBlock p-0\"><img decoding=\"async\" class=\"aligncenter size-large wp-image-2329\" src=\"https:\/\/foxo365.pl\/wp-content\/uploads\/2022\/10\/image-2-1200x661.png\" alt=\"\" width=\"1200\" height=\"661\" srcset=\"https:\/\/foxo365.pl\/wp-content\/uploads\/2022\/10\/image-2-1200x661.png 1200w, https:\/\/foxo365.pl\/wp-content\/uploads\/2022\/10\/image-2-350x193.png 350w, https:\/\/foxo365.pl\/wp-content\/uploads\/2022\/10\/image-2-768x423.png 768w, https:\/\/foxo365.pl\/wp-content\/uploads\/2022\/10\/image-2-1536x846.png 1536w, https:\/\/foxo365.pl\/wp-content\/uploads\/2022\/10\/image-2-2048x1128.png 2048w, https:\/\/foxo365.pl\/wp-content\/uploads\/2022\/10\/image-2-18x10.png 18w, https:\/\/foxo365.pl\/wp-content\/uploads\/2022\/10\/image-2-250x138.png 250w\" sizes=\"(max-width: 1200px) 100vw, 1200px\" \/><\/div>\n<div class=\"contentBlock bg-white\">\n<h2 class=\"mb-0 d-block dsp-7 dsp-lg-8 lh-140 text-black font-weight-normal\">Die Essenz eines Business-Laptops<\/h2>\n<p class=\"mt-4 d-block dsp-3 lh-160 mt-4 text-black\">Das HP 255 verf\u00fcgt \u00fcber alle Funktionen eines Notebooks, die ein modernes Unternehmen ben\u00f6tigt. Dank seines Designs kann es bei den Kunden seiner Nutzer einen positiven Eindruck hinterlassen. Geringes Gewicht und maximal reduzierte Abmessungen des Computers erm\u00f6glichen eine einfachere Tragbarkeit. Ein langlebiger Akku ist der Grund, warum Sie die Suche nach einer Steckdose f\u00fcr lange Zeit vergessen k\u00f6nnen. Eine gro\u00dfe Matrix und ein separater Ziffernblock sorgen f\u00fcr mehr Komfort, sowohl beim Betrachten von Inhalten als auch beim Erstellen oder Bearbeiten.<\/p>\n<\/div>\n<div class=\"contentBlock p-0\"><img loading=\"lazy\" decoding=\"async\" class=\"aligncenter size-large wp-image-2330\" src=\"https:\/\/foxo365.pl\/wp-content\/uploads\/2022\/10\/image-3-1200x661.png\" alt=\"\" width=\"1200\" height=\"661\" srcset=\"https:\/\/foxo365.pl\/wp-content\/uploads\/2022\/10\/image-3-1200x661.png 1200w, https:\/\/foxo365.pl\/wp-content\/uploads\/2022\/10\/image-3-350x193.png 350w, https:\/\/foxo365.pl\/wp-content\/uploads\/2022\/10\/image-3-768x423.png 768w, https:\/\/foxo365.pl\/wp-content\/uploads\/2022\/10\/image-3-1536x846.png 1536w, https:\/\/foxo365.pl\/wp-content\/uploads\/2022\/10\/image-3-2048x1128.png 2048w, https:\/\/foxo365.pl\/wp-content\/uploads\/2022\/10\/image-3-18x10.png 18w, https:\/\/foxo365.pl\/wp-content\/uploads\/2022\/10\/image-3-250x138.png 250w\" sizes=\"(max-width: 1200px) 100vw, 1200px\" \/><\/div>\n<div class=\"contentBlock bg-white\">\n<h2 class=\"mb-0 d-block dsp-7 dsp-lg-8 lh-140 text-black font-weight-normal\">Alles Notwendige<\/h2>\n<p class=\"mt-4 d-block dsp-3 lh-160 mt-4 text-black\">HP 255 hat eine Funktion und L\u00f6sungen, die das Benutzererlebnis, die Sicherheit und den Komfort bei der Erf\u00fcllung seiner Aufgaben positiv beeinflussen. Die M\u00f6glichkeit, die Festplatte zu verschl\u00fcsseln, erm\u00f6glicht es Ihnen, sowohl in Bezug auf die Vertraulichkeit der Kundendaten als auch in Bezug auf die Ergebnisse der durchgef\u00fchrten Arbeiten ruhiger zu sein. HP Noise Cancellation ist eine Technologie zur Verbesserung der Tonqualit\u00e4t von Telefonkonferenzen. Es eliminiert die Umgebungsger\u00e4usche des Gespr\u00e4chspartners, auch auf der anderen Seite des Gespr\u00e4chspartners. Die Vielfalt der verf\u00fcgbaren Anschl\u00fcsse erm\u00f6glicht Ihnen die Verwendung von Zubeh\u00f6r, mit dem Sie Ihre Arbeit schneller erledigen k\u00f6nnen.<\/p>\n<\/div>\n<div class=\"contentBlock p-0\"><\/div>\n<div class=\"contentBlock bg-white\">\n<h2 class=\"mb-0 d-block dsp-7 dsp-lg-8 lh-140 text-black font-weight-normal\">Dieses Ger\u00e4t wird mit einem kostenlosen Upgrade auf Windows 11 geliefert, sobald es verf\u00fcgbar ist<\/h2>\n<p class=\"mt-4 d-block dsp-3 lh-160 mt-4 text-black\">Das Windows 11-Upgrade wird auf berechtigten Ger\u00e4ten eingef\u00fchrt. Dieser Prozess begann Ende 2021 und wird bis 2022 fortgesetzt. Der Zeitpunkt variiert je nach Ger\u00e4t. Einige Funktionen erfordern spezielle Hardware, siehe: <a href=\"https:\/\/www.microsoft.com\/pl-pl\/windows\/windows-11-specifications\" target=\"_blank\" rel=\"nofollow noopener\">https:\/\/www.microsoft.com\/pl-pl\/windows\/windows-11-specifications<\/a>.<br \/>\nF\u00fcr ein Upgrade auf Windows 11 m\u00fcssen m\u00f6glicherweise die BIOS-Einstellungen ge\u00e4ndert und die Secure Boot- und TPM-Funktionalit\u00e4t aktiviert werden. Weitere Informationen finden Sie in der Herstelleranleitung Ihres Ger\u00e4tes und auf der Website: <a href=\"https:\/\/support.microsoft.com\" target=\"_blank\" rel=\"nofollow noopener\">https:\/\/support.microsoft.com<\/a><\/p>\n<\/div>\n<div class=\"contentBlock p-0\"><img loading=\"lazy\" decoding=\"async\" class=\"aligncenter size-large wp-image-2331\" src=\"https:\/\/foxo365.pl\/wp-content\/uploads\/2022\/10\/image-4-1200x668.png\" alt=\"\" width=\"1200\" height=\"668\" srcset=\"https:\/\/foxo365.pl\/wp-content\/uploads\/2022\/10\/image-4-1200x668.png 1200w, https:\/\/foxo365.pl\/wp-content\/uploads\/2022\/10\/image-4-350x195.png 350w, https:\/\/foxo365.pl\/wp-content\/uploads\/2022\/10\/image-4-768x427.png 768w, https:\/\/foxo365.pl\/wp-content\/uploads\/2022\/10\/image-4-1536x854.png 1536w, https:\/\/foxo365.pl\/wp-content\/uploads\/2022\/10\/image-4-2048x1139.png 2048w, https:\/\/foxo365.pl\/wp-content\/uploads\/2022\/10\/image-4-18x10.png 18w, https:\/\/foxo365.pl\/wp-content\/uploads\/2022\/10\/image-4-250x139.png 250w\" sizes=\"(max-width: 1200px) 100vw, 1200px\" \/><picture><source srcset=\"\/pic\/721B\/J0A7T6O6L0n0K1j634l0h7t1y81661i4\/8-2640x.webp 2640w, \/pic\/E47D\/J0A7T6O6L0n0K1j634l0h7t1y81661i4\/8-1320x.webp 1320w, \/pic\/CBB6\/J0A7T6O6L0n0K1j634l0h7t1y81661i4\/8-720x.webp 720w, \/pic\/55E1\/J0A7T6O6L0n0K1j634l0h7t1y81661i4\/8-360x.webp 360w\" type=\"image\/webp\" sizes=\"65vw\" \/><source srcset=\"\/pic\/183D\/J0A7T6O6L0n0K1j634l0h7t1y81661i4\/8-2640x.png 2640w, \/pic\/F45B\/J0A7T6O6L0n0K1j634l0h7t1y81661i4\/8-1320x.png 1320w, \/pic\/1859\/J0A7T6O6L0n0K1j634l0h7t1y81661i4\/8-720x.png 720w, \/pic\/535A\/J0A7T6O6L0n0K1j634l0h7t1y81661i4\/8-360x.png 360w\" type=\"image\/png\" sizes=\"65vw\" \/><img loading=\"lazy\" decoding=\"async\" class=\"w-100 h-auto\" src=\"\/pic\/DF55\/J0A7T6O6L0n0K1j634l0h7t1y81661i4\/8-720x.jpg\" sizes=\"65vw\" srcset=\"\/pic\/E1DF\/J0A7T6O6L0n0K1j634l0h7t1y81661i4\/8-2640x.jpg 2640w, \/pic\/C4AA\/J0A7T6O6L0n0K1j634l0h7t1y81661i4\/8-1320x.jpg 1320w, \/pic\/DF55\/J0A7T6O6L0n0K1j634l0h7t1y81661i4\/8-720x.jpg 720w, \/pic\/7645\/J0A7T6O6L0n0K1j634l0h7t1y81661i4\/8-360x.jpg 360w\" alt=\"\" width=\"719\" height=\"400\" \/> <\/picture><\/div>\n<\/div>","protected":false},"excerpt":{"rendered":"<p>Entdecken Sie den HP255 Eine Grundlage f\u00fcr jedes moderne Unternehmen Der HP 255 ist die perfekte L\u00f6sung f\u00fcr Unternehmer, die budgetfreundliche und effiziente Computer ben\u00f6tigen. Moderne AMD-Prozessoren sorgen f\u00fcr eine schnelle Reaktion auf Benutzeraktionen und -aufgaben sowie f\u00fcr Energieeinsparungen. Dies f\u00fchrt zu einer hohen Produktivit\u00e4t, auch wenn Sie au\u00dferhalb des B\u00fcros arbeiten. Ports an den Seiten des Geh\u00e4uses garantieren [...]<\/p>","protected":false},"featured_media":2326,"template":"","meta":[],"product_brand":[],"product_cat":[29],"product_tag":[],"class_list":{"0":"post-2319","1":"product","2":"type-product","3":"status-publish","4":"has-post-thumbnail","6":"product_cat-smart","8":"entry","9":"has-media","11":"first","12":"instock","13":"taxable","14":"shipping-taxable","15":"purchasable","16":"product-type-simple","17":"has-product-nav","18":"col","19":"span_1_of_3","20":"owp-content-center","21":"owp-thumbs-layout-horizontal","22":"owp-btn-normal","23":"owp-tabs-layout-horizontal"},"aioseo_notices":[],"_links":{"self":[{"href":"https:\/\/foxo365.pl\/de\/wp-json\/wp\/v2\/product\/2319","targetHints":{"allow":["GET"]}}],"collection":[{"href":"https:\/\/foxo365.pl\/de\/wp-json\/wp\/v2\/product"}],"about":[{"href":"https:\/\/foxo365.pl\/de\/wp-json\/wp\/v2\/types\/product"}],"wp:featuredmedia":[{"embeddable":true,"href":"https:\/\/foxo365.pl\/de\/wp-json\/wp\/v2\/media\/2326"}],"wp:attachment":[{"href":"https:\/\/foxo365.pl\/de\/wp-json\/wp\/v2\/media?parent=2319"}],"wp:term":[{"taxonomy":"product_brand","embeddable":true,"href":"https:\/\/foxo365.pl\/de\/wp-json\/wp\/v2\/product_brand?post=2319"},{"taxonomy":"product_cat","embeddable":true,"href":"https:\/\/foxo365.pl\/de\/wp-json\/wp\/v2\/product_cat?post=2319"},{"taxonomy":"product_tag","embeddable":true,"href":"https:\/\/foxo365.pl\/de\/wp-json\/wp\/v2\/product_tag?post=2319"}],"curies":[{"name":"wp","href":"https:\/\/api.w.org\/{rel}","templated":true}]}}