{"id":2332,"date":"2022-10-19T19:50:08","date_gmt":"2022-10-19T17:50:08","guid":{"rendered":"https:\/\/foxo365.pl\/?post_type=product&#038;p=2332"},"modified":"2025-11-28T12:36:07","modified_gmt":"2025-11-28T11:36:07","slug":"laptop-lenovo-v15-g2-amd-82kd000npb-ryzen-5-5500u-156fhd-8gb-256ssd-int-w10p","status":"publish","type":"product","link":"https:\/\/foxo365.pl\/de\/specyfikacja\/laptop-lenovo-v15-g2-amd-82kd000npb-ryzen-5-5500u-156fhd-8gb-256ssd-int-w10p\/","title":{"rendered":"Laptop Lenovo V15 G3"},"content":{"rendered":"<div class=\"compactContent d-block mt-5\">\n<h3><img fetchpriority=\"high\" decoding=\"async\" class=\"aligncenter size-large wp-image-2333\" src=\"https:\/\/foxo365.pl\/wp-content\/uploads\/2022\/10\/image-5-1200x661.png\" alt=\"\" width=\"1200\" height=\"661\" srcset=\"https:\/\/foxo365.pl\/wp-content\/uploads\/2022\/10\/image-5-1200x661.png 1200w, https:\/\/foxo365.pl\/wp-content\/uploads\/2022\/10\/image-5-350x193.png 350w, https:\/\/foxo365.pl\/wp-content\/uploads\/2022\/10\/image-5-768x423.png 768w, https:\/\/foxo365.pl\/wp-content\/uploads\/2022\/10\/image-5-1536x846.png 1536w, https:\/\/foxo365.pl\/wp-content\/uploads\/2022\/10\/image-5-2048x1128.png 2048w, https:\/\/foxo365.pl\/wp-content\/uploads\/2022\/10\/image-5-18x10.png 18w, https:\/\/foxo365.pl\/wp-content\/uploads\/2022\/10\/image-5-250x138.png 250w\" sizes=\"(max-width: 1200px) 100vw, 1200px\" \/><\/h3>\n<h3 class=\"contentBlock p-0\"><span style=\"color: #999999;\">Entdecken Sie Lenovo V15<\/span><\/h3>\n<div class=\"contentBlock bg-white\">\n<h2 class=\"mb-0 d-block dsp-7 dsp-lg-8 lh-140 text-black font-weight-normal\">Einfache t\u00e4gliche Aufgaben<\/h2>\n<p class=\"mt-4 d-block dsp-3 lh-160 mt-4 text-black\">Computermodelle <a href=\"https:\/\/delkom.pl\/k\/laptopy-lenovo-v15\">Lenovo V15<\/a> Dank mehrerer Elemente sind sie perfekt f\u00fcr allt\u00e4gliche Aufgaben geeignet. Eines davon ist ein gro\u00dfer und \u00fcbersichtlicher Bildschirm, mit dem Sie problemlos mit allen Materialien arbeiten k\u00f6nnen. Die spritzwassergesch\u00fctzte Tastatur verf\u00fcgt \u00fcber einen separaten Ziffernblock zur einfacheren Eingabe von Zahlen. Der Laptop ist au\u00dferdem leicht, was den Transport bei Bedarf erheblich erleichtert. Die am Markt erh\u00e4ltlichen Konfigurationen bieten ein breites Spektrum an Prozessoren. Dadurch ist es m\u00f6glich, einen zu finden, der das Budget des K\u00e4ufers nicht belastet und der manchmal eine Leistung bietet, die den Kaufpreis des Ger\u00e4ts \u00fcbersteigt.<\/p>\n<\/div>\n<div class=\"contentBlock bg-white\">\n<h2 class=\"mb-0 d-block dsp-7 dsp-lg-8 lh-140 text-black font-weight-normal\">Dieses Ger\u00e4t wird mit einem kostenlosen Upgrade auf Windows 11 geliefert, sobald es verf\u00fcgbar ist<\/h2>\n<p class=\"mt-4 d-block dsp-3 lh-160 mt-4 text-black\">Das Windows 11-Upgrade wird auf berechtigten Ger\u00e4ten eingef\u00fchrt. Dieser Prozess begann Ende 2021 und wird bis 2022 fortgesetzt. Der Zeitpunkt variiert je nach Ger\u00e4t. Einige Funktionen erfordern spezielle Hardware, siehe: <a href=\"https:\/\/www.microsoft.com\/pl-pl\/windows\/windows-11-specifications\" target=\"_blank\" rel=\"nofollow noopener\">https:\/\/www.microsoft.com\/pl-pl\/windows\/windows-11-specifications<\/a>.<br \/>\nF\u00fcr ein Upgrade auf Windows 11 m\u00fcssen m\u00f6glicherweise die BIOS-Einstellungen ge\u00e4ndert und die Secure Boot- und TPM-Funktionalit\u00e4t aktiviert werden. Weitere Informationen finden Sie in der Herstelleranleitung Ihres Ger\u00e4tes und auf der Website: <a href=\"https:\/\/support.microsoft.com\" target=\"_blank\" rel=\"nofollow noopener\">https:\/\/support.microsoft.com<\/a><\/p>\n<\/div>\n<div class=\"contentBlock p-0\"><img decoding=\"async\" class=\"aligncenter size-large wp-image-2331\" src=\"https:\/\/foxo365.pl\/wp-content\/uploads\/2022\/10\/image-4-1200x668.png\" alt=\"\" width=\"1200\" height=\"668\" srcset=\"https:\/\/foxo365.pl\/wp-content\/uploads\/2022\/10\/image-4-1200x668.png 1200w, https:\/\/foxo365.pl\/wp-content\/uploads\/2022\/10\/image-4-350x195.png 350w, https:\/\/foxo365.pl\/wp-content\/uploads\/2022\/10\/image-4-768x427.png 768w, https:\/\/foxo365.pl\/wp-content\/uploads\/2022\/10\/image-4-1536x854.png 1536w, https:\/\/foxo365.pl\/wp-content\/uploads\/2022\/10\/image-4-2048x1139.png 2048w, https:\/\/foxo365.pl\/wp-content\/uploads\/2022\/10\/image-4-18x10.png 18w, https:\/\/foxo365.pl\/wp-content\/uploads\/2022\/10\/image-4-250x139.png 250w\" sizes=\"(max-width: 1200px) 100vw, 1200px\" \/><\/div>\n<\/div>","protected":false},"excerpt":{"rendered":"<p>Odkryj Lenovo V15 \u0141atwa realizacja codziennych zada\u0144 Modele komputer\u00f3w Lenovo V15 idealnie sprawdzaj\u0105 si\u0119 przy realizacji codziennych zada\u0144, co jest zas\u0142ug\u0105 kilku element\u00f3w. Jednym z nich jest du\u017cy i wyra\u017any ekran, kt\u00f3ry pozwala na \u0142atw\u0105 prac\u0119 z dowolnymi materia\u0142ami. Odporna na zachlapanie klawiatura posiada wydzielony blok numeryczny dla \u0142atwiejszego wprowadzania liczb. Laptop jest r\u00f3wnie\u017c lekki, [&hellip;]<\/p>","protected":false},"featured_media":2334,"template":"","meta":[],"product_brand":[],"product_cat":[29],"product_tag":[],"class_list":{"0":"post-2332","1":"product","2":"type-product","3":"status-publish","4":"has-post-thumbnail","6":"product_cat-smart","8":"entry","9":"has-media","11":"first","12":"instock","13":"taxable","14":"shipping-taxable","15":"purchasable","16":"product-type-simple","17":"has-product-nav","18":"col","19":"span_1_of_3","20":"owp-content-center","21":"owp-thumbs-layout-horizontal","22":"owp-btn-normal","23":"owp-tabs-layout-horizontal"},"aioseo_notices":[],"_links":{"self":[{"href":"https:\/\/foxo365.pl\/de\/wp-json\/wp\/v2\/product\/2332","targetHints":{"allow":["GET"]}}],"collection":[{"href":"https:\/\/foxo365.pl\/de\/wp-json\/wp\/v2\/product"}],"about":[{"href":"https:\/\/foxo365.pl\/de\/wp-json\/wp\/v2\/types\/product"}],"wp:featuredmedia":[{"embeddable":true,"href":"https:\/\/foxo365.pl\/de\/wp-json\/wp\/v2\/media\/2334"}],"wp:attachment":[{"href":"https:\/\/foxo365.pl\/de\/wp-json\/wp\/v2\/media?parent=2332"}],"wp:term":[{"taxonomy":"product_brand","embeddable":true,"href":"https:\/\/foxo365.pl\/de\/wp-json\/wp\/v2\/product_brand?post=2332"},{"taxonomy":"product_cat","embeddable":true,"href":"https:\/\/foxo365.pl\/de\/wp-json\/wp\/v2\/product_cat?post=2332"},{"taxonomy":"product_tag","embeddable":true,"href":"https:\/\/foxo365.pl\/de\/wp-json\/wp\/v2\/product_tag?post=2332"}],"curies":[{"name":"wp","href":"https:\/\/api.w.org\/{rel}","templated":true}]}}