{"id":2405,"date":"2022-10-20T21:36:34","date_gmt":"2022-10-20T19:36:34","guid":{"rendered":"https:\/\/foxo365.pl\/?post_type=product&#038;p=2405"},"modified":"2025-11-28T12:36:58","modified_gmt":"2025-11-28T11:36:58","slug":"laptop-hp-probook-450-g8-43a22ea-16gb-i5-1135g7-156fhd-16gb-512ssd-int-w10p-kopia","status":"publish","type":"product","link":"https:\/\/foxo365.pl\/de\/specyfikacja\/laptop-hp-probook-450-g8-43a22ea-16gb-i5-1135g7-156fhd-16gb-512ssd-int-w10p-kopia\/","title":{"rendered":"HP ProBook 450 G8-Laptop"},"content":{"rendered":"<div class=\"compactContent d-block mt-5\">\n<div class=\"contentBlock p-0\"><img fetchpriority=\"high\" decoding=\"async\" class=\"aligncenter size-large wp-image-2391\" src=\"https:\/\/foxo365.pl\/wp-content\/uploads\/2022\/10\/image-6-1200x661.png\" alt=\"\" width=\"1200\" height=\"661\" srcset=\"https:\/\/foxo365.pl\/wp-content\/uploads\/2022\/10\/image-6-1200x661.png 1200w, https:\/\/foxo365.pl\/wp-content\/uploads\/2022\/10\/image-6-350x193.png 350w, https:\/\/foxo365.pl\/wp-content\/uploads\/2022\/10\/image-6-768x423.png 768w, https:\/\/foxo365.pl\/wp-content\/uploads\/2022\/10\/image-6-1536x846.png 1536w, https:\/\/foxo365.pl\/wp-content\/uploads\/2022\/10\/image-6-2048x1128.png 2048w, https:\/\/foxo365.pl\/wp-content\/uploads\/2022\/10\/image-6-18x10.png 18w, https:\/\/foxo365.pl\/wp-content\/uploads\/2022\/10\/image-6-250x138.png 250w\" sizes=\"(max-width: 1200px) 100vw, 1200px\" \/><\/div>\n<div class=\"contentBlock bg-white\">\n<h3 class=\"dsp-6 dsp-lg-7 lh-140 m-0 text-gray\"><span style=\"color: #999999;\">Entdecken Sie das ProBook 450 G8<\/span><\/h3>\n<h2 class=\"mb-0 d-block dsp-7 dsp-lg-8 lh-140 text-black font-weight-normal\">Effizienz, Sicherheit und Stil bei der Arbeit<\/h2>\n<p class=\"mt-4 d-block dsp-3 lh-160 mt-4 text-black\">Modelle <a href=\"https:\/\/delkom.pl\/k\/laptopy-hp-probook-450\">HP ProBook 450<\/a> Das G8 hat ein stilvolles Design, das den Kunden ins Auge f\u00e4llt, wenn der Besitzer des Laptops es in ihrer Anwesenheit verwendet. Es wird auch von der schnellen Reaktion des Computers begleitet, die das Ergebnis der Verwendung effizienter Komponenten darin ist. Diese Kombination wird zus\u00e4tzlich durch eine Reihe von Hardware- und Software-Schutzma\u00dfnahmen verbessert. Sie sch\u00fctzen den Inhalt des Computers und den Zugriff darauf vor unbefugten Personen. Wenn ein Kunde eine Entscheidung \u00fcber die Aufnahme einer Zusammenarbeit mit einem Unternehmen trifft, kann diese Ausstattung eines Mitarbeiters ein Schl\u00fcsselaspekt sein, der seine Entscheidungen beeinflusst.<\/p>\n<\/div>\n<div class=\"contentBlock bg-black contentBlock__borderTop --white\">\n<ul>\n<li class=\"contentBlock__feature text-center text-white borderTop__item dsp-4 dsp-md-4 px-5\">Produktivit\u00e4t f\u00fcr effektives Arbeiten<\/li>\n<li class=\"contentBlock__feature text-center text-white borderTop__item dsp-4 dsp-md-4 px-5\">Informationssicherheit<\/li>\n<li class=\"contentBlock__feature text-center text-white borderTop__item dsp-4 dsp-md-4 px-5\">Bequem und mobil zugleich<\/li>\n<li class=\"contentBlock__feature text-center text-white borderTop__item dsp-4 dsp-md-4 px-5\">Die sch\u00fctzende Umgebung von HP<\/li>\n<\/ul>\n<\/div>\n<div class=\"contentBlock bg-white\">\n<h2 class=\"mb-0 d-block dsp-7 dsp-lg-8 lh-140 text-black font-weight-normal\">Produktivit\u00e4t f\u00fcr effektives Arbeiten<\/h2>\n<p class=\"mt-4 d-block dsp-3 lh-160 mt-4 text-black\">Das ProBook 450 G8 kann mit einem von mehreren modernen Intel-Prozessoren ausgestattet werden, die auf dem Markt erh\u00e4ltlich sind. Sie sind der Hauptgrund f\u00fcr seine hohe Leistung, die f\u00fcr die F\u00e4higkeit verantwortlich ist, Aufgaben des Benutzers schnell zu erledigen. Dar\u00fcber hinaus gew\u00e4hrleisten sie eine kurze Reaktionszeit auf Mitarbeiteraktionen, wodurch Ausfallzeiten und Verz\u00f6gerungen auf ein absolutes Minimum reduziert werden. Zwei Arten von schnellem und gro\u00dfem Speicher helfen ihnen dabei und stellen sicher, dass die CPU immer einfachen Zugriff auf die ben\u00f6tigten Daten hat. Eine optionale, dedizierte Grafikkarte kann auch verwendet werden, um Aktivit\u00e4ten zu beschleunigen, die eng mit beispielsweise der Bearbeitung von Werbefilmen usw.<\/p>\n<\/div>\n<div class=\"contentBlock p-0\"><img decoding=\"async\" class=\"aligncenter size-large wp-image-2392\" src=\"https:\/\/foxo365.pl\/wp-content\/uploads\/2022\/10\/image-7-1200x661.png\" alt=\"\" width=\"1200\" height=\"661\" srcset=\"https:\/\/foxo365.pl\/wp-content\/uploads\/2022\/10\/image-7-1200x661.png 1200w, https:\/\/foxo365.pl\/wp-content\/uploads\/2022\/10\/image-7-350x193.png 350w, https:\/\/foxo365.pl\/wp-content\/uploads\/2022\/10\/image-7-768x423.png 768w, https:\/\/foxo365.pl\/wp-content\/uploads\/2022\/10\/image-7-1536x846.png 1536w, https:\/\/foxo365.pl\/wp-content\/uploads\/2022\/10\/image-7-2048x1128.png 2048w, https:\/\/foxo365.pl\/wp-content\/uploads\/2022\/10\/image-7-18x10.png 18w, https:\/\/foxo365.pl\/wp-content\/uploads\/2022\/10\/image-7-250x138.png 250w\" sizes=\"(max-width: 1200px) 100vw, 1200px\" \/><\/div>\n<div class=\"contentBlock bg-white\">\n<h2 class=\"mb-0 d-block dsp-7 dsp-lg-8 lh-140 text-black font-weight-normal\">Informationssicherheit<\/h2>\n<p class=\"mt-4 d-block dsp-3 lh-160 mt-4 text-black\">Das ProBook 450 G8 kann mit mehreren Schutzmechanismen ausgestattet werden, die die Sicherheit der darin gespeicherten Daten erh\u00f6hen. Die Option, den Inhalt des Laufwerks zu verschl\u00fcsseln, stellt sicher, dass nur der rechtm\u00e4\u00dfige Besitzer des Laptops ihn lesen kann. Wenn es darum geht, den physischen Zugriff auf das Ger\u00e4t selbst zu sichern, sind die optionalen hilfreich: ein Fingerabdruckleser und \/ oder eine Kamera mit Infrarotsensor. Die Notwendigkeit der physischen Anwesenheit des Benutzers, um seinen Fingerabdruck oder sein Bild zu scannen, verhindert, dass unbefugte Personen den Laptop unwissentlich verwenden.<\/p>\n<\/div>\n<div class=\"contentBlock p-0\"><img decoding=\"async\" class=\"aligncenter size-large wp-image-2393\" src=\"https:\/\/foxo365.pl\/wp-content\/uploads\/2022\/10\/image-8-1200x661.png\" alt=\"\" width=\"1200\" height=\"661\" srcset=\"https:\/\/foxo365.pl\/wp-content\/uploads\/2022\/10\/image-8-1200x661.png 1200w, https:\/\/foxo365.pl\/wp-content\/uploads\/2022\/10\/image-8-350x193.png 350w, https:\/\/foxo365.pl\/wp-content\/uploads\/2022\/10\/image-8-768x423.png 768w, https:\/\/foxo365.pl\/wp-content\/uploads\/2022\/10\/image-8-1536x846.png 1536w, https:\/\/foxo365.pl\/wp-content\/uploads\/2022\/10\/image-8-2048x1128.png 2048w, https:\/\/foxo365.pl\/wp-content\/uploads\/2022\/10\/image-8-18x10.png 18w, https:\/\/foxo365.pl\/wp-content\/uploads\/2022\/10\/image-8-250x138.png 250w\" sizes=\"(max-width: 1200px) 100vw, 1200px\" \/><\/div>\n<div class=\"contentBlock bg-white\">\n<h2 class=\"mb-0 d-block dsp-7 dsp-lg-8 lh-140 text-black font-weight-normal\">Bequem und mobil zugleich<\/h2>\n<p class=\"mt-4 d-block dsp-3 lh-160 mt-4 text-black\">Das Design und die Verarbeitung des ProBook 450 G8 verleihen ihm mehrere Vorteile, die alle mobilen Mitarbeiter zu sch\u00e4tzen wissen werden. Sein geringes Gewicht und die maximal reduzierte Gr\u00f6\u00dfe des Geh\u00e4uses sind Gr\u00fcnde daf\u00fcr, dass es einfach mitgenommen werden kann, z.B. zu einem Kundentermin. Dazu tr\u00e4gt auch die Optik des Laptops bei, die einen positiven Eindruck auf die Umwelt hinterlassen kann. Lange Arbeitszeiten ohne Zugang zum Stromnetz sind ein direkter Vorteil eines langlebigen Akkus. Eine komfortable Tastatur mit separatem Ziffernblock und eine \u00fcbersichtliche 15,6-Zoll-Matrix sind Aspekte, die das Erstellen und Betrachten von Dokumenten deutlich einfacher und angenehmer machen.<\/p>\n<\/div>\n<div class=\"contentBlock p-0\"><img loading=\"lazy\" decoding=\"async\" class=\"aligncenter size-large wp-image-2394\" src=\"https:\/\/foxo365.pl\/wp-content\/uploads\/2022\/10\/image-9-1200x661.png\" alt=\"\" width=\"1200\" height=\"661\" srcset=\"https:\/\/foxo365.pl\/wp-content\/uploads\/2022\/10\/image-9-1200x661.png 1200w, https:\/\/foxo365.pl\/wp-content\/uploads\/2022\/10\/image-9-350x193.png 350w, https:\/\/foxo365.pl\/wp-content\/uploads\/2022\/10\/image-9-768x423.png 768w, https:\/\/foxo365.pl\/wp-content\/uploads\/2022\/10\/image-9-1536x846.png 1536w, https:\/\/foxo365.pl\/wp-content\/uploads\/2022\/10\/image-9-2048x1128.png 2048w, https:\/\/foxo365.pl\/wp-content\/uploads\/2022\/10\/image-9-18x10.png 18w, https:\/\/foxo365.pl\/wp-content\/uploads\/2022\/10\/image-9-250x138.png 250w\" sizes=\"(max-width: 1200px) 100vw, 1200px\" \/><\/div>\n<div class=\"contentBlock bg-white\">\n<h2 class=\"mb-0 d-block dsp-7 dsp-lg-8 lh-140 text-black font-weight-normal\">Die sch\u00fctzende Umgebung von HP<\/h2>\n<p class=\"mt-4 d-block dsp-3 lh-160 mt-4 text-black\">Aus Sorge um die Sicherheit und Privatsph\u00e4re der K\u00e4ufer ihrer Computer hat HP diese mit zus\u00e4tzlichen Technologien und L\u00f6sungen ausgestattet. Darunter finden Sie solche mit folgenden Aufgaben:<\/p>\n<ul>\n<li>Das optionale HP Sure View macht den Bildschirm unlesbar, wenn er von der Seite betrachtet wird, und blockiert unbefugte Sicht.<\/li>\n<li>HP Sure Sense nutzt Deep Learning, um au\u00dfergew\u00f6hnlichen Schutz vor fortschrittlicher Malware zu bieten.<\/li>\n<li>HP Sure Click verwendet hardwarebasierte Sicherheit, um Ihren PC vor Websites und Anh\u00e4ngen mit Malware, Ransomware oder Viren zu sch\u00fctzen.<\/li>\n<li>HP Client Security Manager bietet eine einzige Schnittstelle zum Konfigurieren und Verwalten der erweiterten Sicherheitsfunktionen Ihres Computers.<\/li>\n<li>HP Sure Start stellt das BIOS automatisch nach Malware, Rootkits oder Hacking-Angriffen wieder her.<\/li>\n<li>HP Sure Run h\u00e4lt wichtige Sicherheitsma\u00dfnahmen jederzeit bereit und verhindert, dass Viren, Malware usw. diese schlie\u00dfen.<\/li>\n<li>Mit HP Sure Recover k\u00f6nnen Sie Ihr Betriebssystem und Ihre Software nach einem Computerabsturz oder Hacker-\/Malware-Angriff problemlos wiederherstellen.<\/li>\n<li>Mit HP Secure Erase k\u00f6nnen Sie wichtige Daten vor der Entsorgung oder dem Recycling einfach und dauerhaft von Festplatten l\u00f6schen.<\/li>\n<\/ul>\n<\/div>\n<div class=\"contentBlock p-0\"><img loading=\"lazy\" decoding=\"async\" class=\"aligncenter size-large wp-image-2395\" src=\"https:\/\/foxo365.pl\/wp-content\/uploads\/2022\/10\/image-10-1200x661.png\" alt=\"\" width=\"1200\" height=\"661\" srcset=\"https:\/\/foxo365.pl\/wp-content\/uploads\/2022\/10\/image-10-1200x661.png 1200w, https:\/\/foxo365.pl\/wp-content\/uploads\/2022\/10\/image-10-350x193.png 350w, https:\/\/foxo365.pl\/wp-content\/uploads\/2022\/10\/image-10-768x423.png 768w, https:\/\/foxo365.pl\/wp-content\/uploads\/2022\/10\/image-10-1536x846.png 1536w, https:\/\/foxo365.pl\/wp-content\/uploads\/2022\/10\/image-10-2048x1128.png 2048w, https:\/\/foxo365.pl\/wp-content\/uploads\/2022\/10\/image-10-18x10.png 18w, https:\/\/foxo365.pl\/wp-content\/uploads\/2022\/10\/image-10-250x138.png 250w\" sizes=\"(max-width: 1200px) 100vw, 1200px\" \/><\/div>\n<div class=\"contentBlock bg-white\">\n<h2 class=\"mb-0 d-block dsp-7 dsp-lg-8 lh-140 text-black font-weight-normal\">Dieses Ger\u00e4t wird mit einem kostenlosen Upgrade auf Windows 11 geliefert, sobald es verf\u00fcgbar ist<\/h2>\n<p class=\"mt-4 d-block dsp-3 lh-160 mt-4 text-black\">Das Windows 11-Upgrade wird auf berechtigten Ger\u00e4ten eingef\u00fchrt. Dieser Prozess begann Ende 2021 und wird bis 2022 fortgesetzt. Der Zeitpunkt variiert je nach Ger\u00e4t. Einige Funktionen erfordern spezielle Hardware, siehe: <a href=\"https:\/\/www.microsoft.com\/pl-pl\/windows\/windows-11-specifications\" target=\"_blank\" rel=\"nofollow noopener\">https:\/\/www.microsoft.com\/pl-pl\/windows\/windows-11-specifications<\/a>.<br \/>\nF\u00fcr ein Upgrade auf Windows 11 m\u00fcssen m\u00f6glicherweise die BIOS-Einstellungen ge\u00e4ndert und die Secure Boot- und TPM-Funktionalit\u00e4t aktiviert werden. Weitere Informationen finden Sie in der Herstelleranleitung Ihres Ger\u00e4tes und auf der Website: <a href=\"https:\/\/support.microsoft.com\" target=\"_blank\" rel=\"nofollow noopener\">https:\/\/support.microsoft.com<\/a><\/p>\n<\/div>\n<div class=\"contentBlock p-0\"><picture><source srcset=\"\/pic\/721B\/J0A7T6O6L0n0K1j634l0h7t1y81661i4\/8-2640x.webp 2640w, \/pic\/E47D\/J0A7T6O6L0n0K1j634l0h7t1y81661i4\/8-1320x.webp 1320w, \/pic\/CBB6\/J0A7T6O6L0n0K1j634l0h7t1y81661i4\/8-720x.webp 720w, \/pic\/55E1\/J0A7T6O6L0n0K1j634l0h7t1y81661i4\/8-360x.webp 360w\" type=\"image\/webp\" sizes=\"65vw\" \/><source srcset=\"\/pic\/183D\/J0A7T6O6L0n0K1j634l0h7t1y81661i4\/8-2640x.png 2640w, \/pic\/F45B\/J0A7T6O6L0n0K1j634l0h7t1y81661i4\/8-1320x.png 1320w, \/pic\/1859\/J0A7T6O6L0n0K1j634l0h7t1y81661i4\/8-720x.png 720w, \/pic\/535A\/J0A7T6O6L0n0K1j634l0h7t1y81661i4\/8-360x.png 360w\" type=\"image\/png\" sizes=\"65vw\" \/><img loading=\"lazy\" decoding=\"async\" class=\"w-100 h-auto\" src=\"\/pic\/DF55\/J0A7T6O6L0n0K1j634l0h7t1y81661i4\/8-720x.jpg\" sizes=\"65vw\" srcset=\"\/pic\/E1DF\/J0A7T6O6L0n0K1j634l0h7t1y81661i4\/8-2640x.jpg 2640w, \/pic\/C4AA\/J0A7T6O6L0n0K1j634l0h7t1y81661i4\/8-1320x.jpg 1320w, \/pic\/DF55\/J0A7T6O6L0n0K1j634l0h7t1y81661i4\/8-720x.jpg 720w, \/pic\/7645\/J0A7T6O6L0n0K1j634l0h7t1y81661i4\/8-360x.jpg 360w\" alt=\"\" width=\"719\" height=\"400\" \/><\/picture><\/div>\n<\/div>","protected":false},"excerpt":{"rendered":"<p>Entdecken Sie das ProBook 450 G8 Effizienz, Sicherheit und Stil bei der Arbeit Die HP ProBook 450 G8-Modelle haben ein elegantes Design, das die Aufmerksamkeit der Kunden auf sich zieht, wenn der Laptop-Besitzer es in ihrer Anwesenheit verwendet. Dies wird auch von einer schnellen Reaktion des Computers begleitet, die das Ergebnis der Verwendung effizienter Komponenten darin ist. Diese Kombination wird zus\u00e4tzlich durch eine Reihe von Hardware- und Softwareschutzma\u00dfnahmen verbessert. [\u2026]<\/p>","protected":false},"featured_media":2398,"template":"","meta":[],"product_brand":[],"product_cat":[28],"product_tag":[],"class_list":{"0":"post-2405","1":"product","2":"type-product","3":"status-publish","4":"has-post-thumbnail","6":"product_cat-flex-pro","8":"entry","9":"has-media","11":"first","12":"instock","13":"taxable","14":"shipping-taxable","15":"purchasable","16":"product-type-simple","17":"has-product-nav","18":"col","19":"span_1_of_3","20":"owp-content-center","21":"owp-thumbs-layout-horizontal","22":"owp-btn-normal","23":"owp-tabs-layout-horizontal"},"aioseo_notices":[],"_links":{"self":[{"href":"https:\/\/foxo365.pl\/de\/wp-json\/wp\/v2\/product\/2405","targetHints":{"allow":["GET"]}}],"collection":[{"href":"https:\/\/foxo365.pl\/de\/wp-json\/wp\/v2\/product"}],"about":[{"href":"https:\/\/foxo365.pl\/de\/wp-json\/wp\/v2\/types\/product"}],"wp:featuredmedia":[{"embeddable":true,"href":"https:\/\/foxo365.pl\/de\/wp-json\/wp\/v2\/media\/2398"}],"wp:attachment":[{"href":"https:\/\/foxo365.pl\/de\/wp-json\/wp\/v2\/media?parent=2405"}],"wp:term":[{"taxonomy":"product_brand","embeddable":true,"href":"https:\/\/foxo365.pl\/de\/wp-json\/wp\/v2\/product_brand?post=2405"},{"taxonomy":"product_cat","embeddable":true,"href":"https:\/\/foxo365.pl\/de\/wp-json\/wp\/v2\/product_cat?post=2405"},{"taxonomy":"product_tag","embeddable":true,"href":"https:\/\/foxo365.pl\/de\/wp-json\/wp\/v2\/product_tag?post=2405"}],"curies":[{"name":"wp","href":"https:\/\/api.w.org\/{rel}","templated":true}]}}