{"id":2406,"date":"2022-10-20T21:49:36","date_gmt":"2022-10-20T19:49:36","guid":{"rendered":"https:\/\/foxo365.pl\/?post_type=product&#038;p=2406"},"modified":"2025-11-28T12:36:04","modified_gmt":"2025-11-28T11:36:04","slug":"vostro-flex-pro","status":"publish","type":"product","link":"https:\/\/foxo365.pl\/de\/specyfikacja\/vostro-flex-pro\/","title":{"rendered":"Laptop Dell Vostro 3510"},"content":{"rendered":"<div class=\"compactContent d-block mt-5\">\n<div class=\"contentBlock p-0\"><img fetchpriority=\"high\" decoding=\"async\" class=\"aligncenter size-large wp-image-2407\" src=\"https:\/\/foxo365.pl\/wp-content\/uploads\/2022\/10\/image-12-1200x661.png\" alt=\"\" width=\"1200\" height=\"661\" srcset=\"https:\/\/foxo365.pl\/wp-content\/uploads\/2022\/10\/image-12-1200x661.png 1200w, https:\/\/foxo365.pl\/wp-content\/uploads\/2022\/10\/image-12-350x193.png 350w, https:\/\/foxo365.pl\/wp-content\/uploads\/2022\/10\/image-12-768x423.png 768w, https:\/\/foxo365.pl\/wp-content\/uploads\/2022\/10\/image-12-1536x846.png 1536w, https:\/\/foxo365.pl\/wp-content\/uploads\/2022\/10\/image-12-2048x1128.png 2048w, https:\/\/foxo365.pl\/wp-content\/uploads\/2022\/10\/image-12-18x10.png 18w, https:\/\/foxo365.pl\/wp-content\/uploads\/2022\/10\/image-12-250x138.png 250w\" sizes=\"(max-width: 1200px) 100vw, 1200px\" \/><\/div>\n<div class=\"contentBlock bg-white\">\n<h3 class=\"dsp-6 dsp-lg-7 lh-140 m-0 text-gray\"><span style=\"color: #999999;\">Entdecken Sie das Vostro 3510<\/span><\/h3>\n<h2 class=\"mb-0 d-block dsp-7 dsp-lg-8 lh-140 text-black font-weight-normal\">Effizient und erschwinglich zugleich<\/h2>\n<p class=\"mt-4 d-block dsp-3 lh-160 mt-4 text-black\"><a href=\"https:\/\/delkom.pl\/k\/laptopy-dell-vostro-3510\">Dell Vostro 3510<\/a> ist ein effizientes Arbeitsger\u00e4t, das gleichzeitig einen sehr g\u00fcnstigen Preis hat. Jedes Unternehmen mit begrenztem Budget wird diese Kombination und die Auswirkungen auf seine Entwicklung zu sch\u00e4tzen wissen. Klassisches Design und elegantes Erscheinungsbild sowie ein langlebiger Akku sorgen daf\u00fcr, dass der Laptop erfolgreich zu einem wichtigen Meeting mit einem Kunden mitgenommen werden kann. Moderne Komponenten sorgen f\u00fcr ein reibungsloses und schnelles Arbeiten, sodass jeder Auftrag innerhalb der vorgeschriebenen Frist erledigt werden kann. Dar\u00fcber hinaus garantieren die eingebauten Sicherheitsfunktionen, dass alle Daten des Unternehmens und seiner Kunden vor unbefugten Personen gesch\u00fctzt sind.<\/p>\n<\/div>\n<div class=\"contentBlock bg-black contentBlock__borderTop --white\">\n<ul>\n<li class=\"contentBlock__feature text-center text-white borderTop__item dsp-4 dsp-md-4 px-5\">Leistung der n\u00e4chsten Generation<\/li>\n<li class=\"contentBlock__feature text-center text-white borderTop__item dsp-4 dsp-md-4 px-5\">Das Gleichgewicht der M\u00f6glichkeiten f\u00fcr Geld<\/li>\n<li class=\"contentBlock__feature text-center text-white borderTop__item dsp-4 dsp-md-4 px-5\">Sicherheitsfunktionen, die Ihnen Vertrauen geben<\/li>\n<li class=\"contentBlock__feature text-center text-white borderTop__item dsp-4 dsp-md-4 px-5\">\u00dcberall komfortabel arbeiten<\/li>\n<\/ul>\n<\/div>\n<div class=\"contentBlock bg-white\">\n<h2 class=\"mb-0 d-block dsp-7 dsp-lg-8 lh-140 text-black font-weight-normal\">Leistung der n\u00e4chsten Generation<\/h2>\n<p class=\"mt-4 d-block dsp-3 lh-160 mt-4 text-black\">Die Vostro 3510-Modelle stellen ihren Besitzern moderne Intel-Prozessoren zur Verf\u00fcgung. Durch ihre hohe Rechenleistung erledigt der Computer seine Aufgaben nicht nur schnell. Ein weiterer sp\u00fcrbarer Effekt des Vorhandenseins dieser Komponente sind die sofortigen Systemantworten auf Befehle und die kurze Zeit, die zum Starten der Anwendung ben\u00f6tigt wird. Der Betriebs- und Massenspeicher sorgen f\u00fcr die Minimierung von Verz\u00f6gerungen beim Zugriff auf die Daten. Dank ihnen hat die CPU st\u00e4ndigen, unbegrenzten Zugriff auf Informationen, die f\u00fcr einen effektiven Betrieb ben\u00f6tigt werden. Optionale dedizierte Grafikkarten eignen sich beispielsweise perfekt f\u00fcr die Bearbeitung aller Arten von Videomaterial.<\/p>\n<\/div>\n<div class=\"contentBlock p-0\"><img decoding=\"async\" class=\"aligncenter size-large wp-image-2408\" src=\"https:\/\/foxo365.pl\/wp-content\/uploads\/2022\/10\/image-13-1200x661.png\" alt=\"\" width=\"1200\" height=\"661\" srcset=\"https:\/\/foxo365.pl\/wp-content\/uploads\/2022\/10\/image-13-1200x661.png 1200w, https:\/\/foxo365.pl\/wp-content\/uploads\/2022\/10\/image-13-350x193.png 350w, https:\/\/foxo365.pl\/wp-content\/uploads\/2022\/10\/image-13-768x423.png 768w, https:\/\/foxo365.pl\/wp-content\/uploads\/2022\/10\/image-13-1536x846.png 1536w, https:\/\/foxo365.pl\/wp-content\/uploads\/2022\/10\/image-13-2048x1128.png 2048w, https:\/\/foxo365.pl\/wp-content\/uploads\/2022\/10\/image-13-18x10.png 18w, https:\/\/foxo365.pl\/wp-content\/uploads\/2022\/10\/image-13-250x138.png 250w\" sizes=\"(max-width: 1200px) 100vw, 1200px\" \/><\/div>\n<div class=\"contentBlock bg-white\">\n<h2 class=\"mb-0 d-block dsp-7 dsp-lg-8 lh-140 text-black font-weight-normal\">Das Gleichgewicht der M\u00f6glichkeiten f\u00fcr Geld<\/h2>\n<p class=\"mt-4 d-block dsp-3 lh-160 mt-4 text-black\">Das Vostro 3510 wurde f\u00fcr Institutionen mit begrenztem Budget entwickelt, die dennoch ein effizientes Arbeitsger\u00e4t ben\u00f6tigen. In dieses Bild passen fast alle Einzelunternehmen, Kleinbetriebe und Sparbetriebe. Es sollte jedoch nicht davon ausgegangen werden, dass der Hersteller bei dieser Annahme Kompromisse eingehen musste. Der Computer bietet nicht nur eine hohe Rechenleistung \u2013 sein elegantes Design hinterl\u00e4sst einen positiven Eindruck, und die eingebaute Sicherheit sorgt f\u00fcr ein beruhigendes Gef\u00fchl. Eine solche Kombination von Vorteilen kann zu einem Faktor werden, der die Entwicklung anregt und beispielsweise Zeitersparnis bei der Durchf\u00fchrung des Projekts erm\u00f6glicht.<\/p>\n<\/div>\n<div class=\"contentBlock p-0\"><img decoding=\"async\" class=\"aligncenter size-large wp-image-2409\" src=\"https:\/\/foxo365.pl\/wp-content\/uploads\/2022\/10\/image-14-1200x661.png\" alt=\"\" width=\"1200\" height=\"661\" srcset=\"https:\/\/foxo365.pl\/wp-content\/uploads\/2022\/10\/image-14-1200x661.png 1200w, https:\/\/foxo365.pl\/wp-content\/uploads\/2022\/10\/image-14-350x193.png 350w, https:\/\/foxo365.pl\/wp-content\/uploads\/2022\/10\/image-14-768x423.png 768w, https:\/\/foxo365.pl\/wp-content\/uploads\/2022\/10\/image-14-1536x846.png 1536w, https:\/\/foxo365.pl\/wp-content\/uploads\/2022\/10\/image-14-2048x1128.png 2048w, https:\/\/foxo365.pl\/wp-content\/uploads\/2022\/10\/image-14-18x10.png 18w, https:\/\/foxo365.pl\/wp-content\/uploads\/2022\/10\/image-14-250x138.png 250w\" sizes=\"(max-width: 1200px) 100vw, 1200px\" \/><\/div>\n<div class=\"contentBlock bg-white\">\n<h2 class=\"mb-0 d-block dsp-7 dsp-lg-8 lh-140 text-black font-weight-normal\">Sicherheitsfunktionen, die Ihnen Vertrauen geben<\/h2>\n<p class=\"mt-4 d-block dsp-3 lh-160 mt-4 text-black\">Besitzer eines Vostro 3510, das mit einem optionalen Fingerabdruckleser ausgestattet ist, k\u00f6nnen sicher sein, einen effektiv gesicherten Zugang zu einem Laptop zu haben. Es erfordert die Verwendung einer Anmeldemethode, die von keiner unbefugten Person umgangen werden kann. Nur der Fingerabdruck des richtigen Benutzers f\u00fchrt dazu, dass der Computer vollst\u00e4ndig hochf\u00e4hrt. Um den Schutzgrad der Informationen auf der Festplatte weiter zu erh\u00f6hen, ist es m\u00f6glich, TPM (Trusted Platform Module) zu verwenden. Es generiert einen eindeutigen Schl\u00fcssel, den das Betriebssystem dann verwendet, um alle Dateien auf dem Ger\u00e4t zu verschl\u00fcsseln. Die Kombination dieser beiden Komponenten ist ein Garant daf\u00fcr, dass Firmengeheimnisse kompetent gewahrt werden.<\/p>\n<\/div>\n<div class=\"contentBlock p-0\"><img loading=\"lazy\" decoding=\"async\" class=\"aligncenter size-large wp-image-2410\" src=\"https:\/\/foxo365.pl\/wp-content\/uploads\/2022\/10\/image-15-1200x661.png\" alt=\"\" width=\"1200\" height=\"661\" srcset=\"https:\/\/foxo365.pl\/wp-content\/uploads\/2022\/10\/image-15-1200x661.png 1200w, https:\/\/foxo365.pl\/wp-content\/uploads\/2022\/10\/image-15-350x193.png 350w, https:\/\/foxo365.pl\/wp-content\/uploads\/2022\/10\/image-15-768x423.png 768w, https:\/\/foxo365.pl\/wp-content\/uploads\/2022\/10\/image-15-1536x846.png 1536w, https:\/\/foxo365.pl\/wp-content\/uploads\/2022\/10\/image-15-2048x1128.png 2048w, https:\/\/foxo365.pl\/wp-content\/uploads\/2022\/10\/image-15-18x10.png 18w, https:\/\/foxo365.pl\/wp-content\/uploads\/2022\/10\/image-15-250x138.png 250w\" sizes=\"(max-width: 1200px) 100vw, 1200px\" \/><\/div>\n<div class=\"contentBlock bg-white\">\n<h2 class=\"mb-0 d-block dsp-7 dsp-lg-8 lh-140 text-black font-weight-normal\">\u00dcberall komfortabel arbeiten<\/h2>\n<p class=\"mt-4 d-block dsp-3 lh-160 mt-4 text-black\">Das Vostro 3510 wurde als ausgewogene Kombination aus Mobilit\u00e4t und Arbeitskomfort geschaffen. Beim ersten der vorgenannten Aspekte ist an erster Stelle das geringe Gewicht des Ger\u00e4tes zu nennen. Es erleichtert das Tragen Ihres Laptops erheblich, insbesondere auf langen Reisen. Ein langlebiger Akku mit Schnellladefunktion ist ein Garant f\u00fcr langes Arbeiten ohne Netzanschluss. Die f\u00fcr den Arbeitskomfort verantwortlichen Elemente sind eine Tastatur mit Ziffernblock und optionaler Hintergrundbeleuchtung sowie eine gro\u00dfe Matrix. Ihre Kombination erm\u00f6glicht es Ihnen, Inhalte einfach zu erstellen und anzuzeigen, selbst wenn Sie in einem schattigen Raum arbeiten (z. B. w\u00e4hrend einer Show mit Verwendung eines Projektors).<\/p>\n<\/div>\n<div class=\"contentBlock p-0\"><img loading=\"lazy\" decoding=\"async\" class=\"aligncenter size-large wp-image-2411\" src=\"https:\/\/foxo365.pl\/wp-content\/uploads\/2022\/10\/image-16-1200x661.png\" alt=\"\" width=\"1200\" height=\"661\" srcset=\"https:\/\/foxo365.pl\/wp-content\/uploads\/2022\/10\/image-16-1200x661.png 1200w, https:\/\/foxo365.pl\/wp-content\/uploads\/2022\/10\/image-16-350x193.png 350w, https:\/\/foxo365.pl\/wp-content\/uploads\/2022\/10\/image-16-768x423.png 768w, https:\/\/foxo365.pl\/wp-content\/uploads\/2022\/10\/image-16-1536x846.png 1536w, https:\/\/foxo365.pl\/wp-content\/uploads\/2022\/10\/image-16-2048x1128.png 2048w, https:\/\/foxo365.pl\/wp-content\/uploads\/2022\/10\/image-16-18x10.png 18w, https:\/\/foxo365.pl\/wp-content\/uploads\/2022\/10\/image-16-250x138.png 250w\" sizes=\"(max-width: 1200px) 100vw, 1200px\" \/><\/div>\n<\/div>","protected":false},"excerpt":{"rendered":"<p>Entdecken Sie Vostro 3510 Effizient und erschwinglich zugleich Dell Vostro 3510 ist ein effizientes Arbeitsger\u00e4t, das gleichzeitig sehr erschwinglich ist. Jedes Unternehmen mit begrenztem Budget wird diese Kombination und die Auswirkungen auf seine Entwicklung zu sch\u00e4tzen wissen. Klassisches Design und elegantes Aussehen sowie ein langlebiger Akku machen den Laptop erfolgreich zu einem wichtigen Meeting mit [...]<\/p>","protected":false},"featured_media":2420,"template":"","meta":[],"product_brand":[],"product_cat":[28],"product_tag":[],"class_list":{"0":"post-2406","1":"product","2":"type-product","3":"status-publish","4":"has-post-thumbnail","6":"product_cat-flex-pro","8":"entry","9":"has-media","11":"first","12":"instock","13":"taxable","14":"shipping-taxable","15":"purchasable","16":"product-type-simple","17":"has-product-nav","18":"col","19":"span_1_of_3","20":"owp-content-center","21":"owp-thumbs-layout-horizontal","22":"owp-btn-normal","23":"owp-tabs-layout-horizontal"},"aioseo_notices":[],"_links":{"self":[{"href":"https:\/\/foxo365.pl\/de\/wp-json\/wp\/v2\/product\/2406","targetHints":{"allow":["GET"]}}],"collection":[{"href":"https:\/\/foxo365.pl\/de\/wp-json\/wp\/v2\/product"}],"about":[{"href":"https:\/\/foxo365.pl\/de\/wp-json\/wp\/v2\/types\/product"}],"wp:featuredmedia":[{"embeddable":true,"href":"https:\/\/foxo365.pl\/de\/wp-json\/wp\/v2\/media\/2420"}],"wp:attachment":[{"href":"https:\/\/foxo365.pl\/de\/wp-json\/wp\/v2\/media?parent=2406"}],"wp:term":[{"taxonomy":"product_brand","embeddable":true,"href":"https:\/\/foxo365.pl\/de\/wp-json\/wp\/v2\/product_brand?post=2406"},{"taxonomy":"product_cat","embeddable":true,"href":"https:\/\/foxo365.pl\/de\/wp-json\/wp\/v2\/product_cat?post=2406"},{"taxonomy":"product_tag","embeddable":true,"href":"https:\/\/foxo365.pl\/de\/wp-json\/wp\/v2\/product_tag?post=2406"}],"curies":[{"name":"wp","href":"https:\/\/api.w.org\/{rel}","templated":true}]}}