{"id":2319,"date":"2022-10-19T18:28:23","date_gmt":"2022-10-19T16:28:23","guid":{"rendered":"https:\/\/foxo365.pl\/?post_type=product&#038;p=2319"},"modified":"2025-11-28T12:16:33","modified_gmt":"2025-11-28T11:16:33","slug":"laptop-hp-255-g8-3v5h1ea-ryzen-5-5500u-156fhd-8gb-256ssd-int-w10p","status":"publish","type":"product","link":"https:\/\/foxo365.pl\/pl_pl\/specyfikacja\/laptop-hp-255-g8-3v5h1ea-ryzen-5-5500u-156fhd-8gb-256ssd-int-w10p\/","title":{"rendered":"Laptop HP 255 G8"},"content":{"rendered":"<div class=\"compactContent d-block mt-5\">\n<h3><img fetchpriority=\"high\" decoding=\"async\" class=\"aligncenter size-large wp-image-2327\" src=\"https:\/\/foxo365.pl\/wp-content\/uploads\/2022\/10\/image-1200x661.png\" alt=\"\" width=\"1200\" height=\"661\" srcset=\"https:\/\/foxo365.pl\/wp-content\/uploads\/2022\/10\/image-1200x661.png 1200w, https:\/\/foxo365.pl\/wp-content\/uploads\/2022\/10\/image-350x193.png 350w, https:\/\/foxo365.pl\/wp-content\/uploads\/2022\/10\/image-768x423.png 768w, https:\/\/foxo365.pl\/wp-content\/uploads\/2022\/10\/image-1536x846.png 1536w, https:\/\/foxo365.pl\/wp-content\/uploads\/2022\/10\/image-2048x1128.png 2048w, https:\/\/foxo365.pl\/wp-content\/uploads\/2022\/10\/image-18x10.png 18w, https:\/\/foxo365.pl\/wp-content\/uploads\/2022\/10\/image-250x138.png 250w\" sizes=\"(max-width: 1200px) 100vw, 1200px\" \/><\/h3>\n<h3 class=\"contentBlock p-0\"><span style=\"color: #999999;\">Odkryj HP255<\/span><\/h3>\n<div class=\"contentBlock bg-white\">\n<h2 class=\"mb-0 d-block dsp-7 dsp-lg-8 lh-140 text-black font-weight-normal\">Fundament pod ka\u017cdy nowoczesny biznes<\/h2>\n<p class=\"mt-4 d-block dsp-3 lh-160 mt-4 text-black\"><a href=\"https:\/\/delkom.pl\/k\/laptopy-hp-255\">HP 255<\/a> jest idealnym rozwi\u0105zaniem dla przedsi\u0119biorc\u00f3w, kt\u00f3rzy potrzebuj\u0105 przyjaznych bud\u017cetowi i wydajnych komputer\u00f3w. Nowoczesne procesory AMD zapewniaj\u0105 szybk\u0105 reakcj\u0119 na dzia\u0142ania u\u017cytkownika i realizacj\u0119 zada\u0144, a tak\u017ce oszcz\u0119dno\u015b\u0107 energii. Przek\u0142ada si\u0119 to na wysok\u0105 produktywno\u015b\u0107, nawet w przypadku pracy poza biurem. Wyprowadzone na bokach obudowy porty gwarantuj\u0105 mo\u017cliwo\u015b\u0107 rozszerzenia funkcjonalno\u015bci przez dodatkowe akcesoria. \u0141atwy dost\u0119p do informacji to zas\u0142uga szybkich form \u0142\u0105czno\u015bci z sieci\u0105. HP 255 pozwoli bez problemu zbudowa\u0107 pozytywny wizerunek firmy, dzi\u0119ki wszystkim swoim zaletom.<\/p>\n<\/div>\n<div class=\"contentBlock bg-black contentBlock__borderTop --white\">\n<ul>\n<li class=\"contentBlock__feature text-center text-white borderTop__item dsp-4 dsp-md-4 px-5\">Dla wyr\u00f3wnania szans<\/li>\n<li class=\"contentBlock__feature text-center text-white borderTop__item dsp-4 dsp-md-4 px-5\">Dotrzyma kroku nat\u0142okowi pracy<\/li>\n<li class=\"contentBlock__feature text-center text-white borderTop__item dsp-4 dsp-md-4 px-5\">Esencja laptopa biznesowego<\/li>\n<li class=\"contentBlock__feature text-center text-white borderTop__item dsp-4 dsp-md-4 px-5\">Wszystko co niezb\u0119dne<\/li>\n<\/ul>\n<\/div>\n<div class=\"contentBlock bg-white\">\n<h2 class=\"mb-0 d-block dsp-7 dsp-lg-8 lh-140 text-black font-weight-normal\">Dla wyr\u00f3wnania szans<\/h2>\n<p class=\"mt-4 d-block dsp-3 lh-160 mt-4 text-black\">Komputery HP 255 powsta\u0142y z my\u015bl\u0105 dostarczenia ograniczonym bud\u017cetowo przedsi\u0119biorstwom narz\u0119dzi pracy, kt\u00f3re pozwol\u0105 im by\u0107 konkurencyjnymi. Przyk\u0142adami takich jednostek s\u0105 jednoosobowe dzia\u0142alno\u015bci gospodarcze oraz ma\u0142e firmy, zatrudniaj\u0105ce niewielk\u0105 ilo\u015b\u0107 os\u00f3b. Kumulacja wielu element\u00f3w, kt\u00f3re s\u0105 niezb\u0119dne w nowoczesnym przedsi\u0119biorstwie, zapewniaj\u0105 mo\u017cliwo\u015b\u0107 rozwoju podczas korzystania z HP 255. Co wi\u0119cej, pozwalaj\u0105 one pozostawa\u0107 tym komputerom bardzo przydatnymi nawet, gdy firma ma ju\u017c za sob\u0105 punkt zwrotny w swoim rozwoju i posiada wi\u0119ksze zasoby finansowe.<\/p>\n<\/div>\n<div class=\"contentBlock p-0\"><img decoding=\"async\" class=\"aligncenter size-large wp-image-2328\" src=\"https:\/\/foxo365.pl\/wp-content\/uploads\/2022\/10\/image-1-1200x661.png\" alt=\"\" width=\"1200\" height=\"661\" srcset=\"https:\/\/foxo365.pl\/wp-content\/uploads\/2022\/10\/image-1-1200x661.png 1200w, https:\/\/foxo365.pl\/wp-content\/uploads\/2022\/10\/image-1-350x193.png 350w, https:\/\/foxo365.pl\/wp-content\/uploads\/2022\/10\/image-1-768x423.png 768w, https:\/\/foxo365.pl\/wp-content\/uploads\/2022\/10\/image-1-1536x846.png 1536w, https:\/\/foxo365.pl\/wp-content\/uploads\/2022\/10\/image-1-2048x1128.png 2048w, https:\/\/foxo365.pl\/wp-content\/uploads\/2022\/10\/image-1-18x10.png 18w, https:\/\/foxo365.pl\/wp-content\/uploads\/2022\/10\/image-1-250x138.png 250w\" sizes=\"(max-width: 1200px) 100vw, 1200px\" \/><\/div>\n<div class=\"contentBlock bg-white\">\n<h2 class=\"mb-0 d-block dsp-7 dsp-lg-8 lh-140 text-black font-weight-normal\">Dotrzyma kroku nat\u0142okowi pracy<\/h2>\n<p class=\"mt-4 d-block dsp-3 lh-160 mt-4 text-black\">Laptopy HP 255 wyposa\u017cone s\u0105 w kilka element\u00f3w, kt\u00f3re stanowi\u0107 b\u0119d\u0105 nie tylko o szybko\u015bci wykonywanych zada\u0144, ale r\u00f3wnie\u017c og\u00f3lnego komfortu u\u017cytkowania. Dost\u0119pno\u015b\u0107 szeregu nowoczesnych procesor\u00f3w firmy AMD pozwala z \u0142atwo\u015bci\u0105 dobra\u0107 model do w\u0142asnych potrzeb. Swoistym dope\u0142nieniem ca\u0142o\u015bci obrazu s\u0105 szybkie i pojemne pami\u0119ci: operacyjna oraz masowa. Dzi\u0119ki tym elementom, CPU mo\u017ce b\u0142yskawicznie zaj\u0105\u0107 si\u0119 przetwarzaniem danych podczas \u0142adowania aplikacji i plik\u00f3w. Efektem ko\u0144cowym jest zwi\u0119kszone zadowolenie u\u017cytkownika, poniewa\u017c wykona\u0142 on swoje zadanie w bardzo kr\u00f3tkim czasie i bez frustruj\u0105cych op\u00f3\u017anie\u0144.<\/p>\n<\/div>\n<div class=\"contentBlock p-0\"><img decoding=\"async\" class=\"aligncenter size-large wp-image-2329\" src=\"https:\/\/foxo365.pl\/wp-content\/uploads\/2022\/10\/image-2-1200x661.png\" alt=\"\" width=\"1200\" height=\"661\" srcset=\"https:\/\/foxo365.pl\/wp-content\/uploads\/2022\/10\/image-2-1200x661.png 1200w, https:\/\/foxo365.pl\/wp-content\/uploads\/2022\/10\/image-2-350x193.png 350w, https:\/\/foxo365.pl\/wp-content\/uploads\/2022\/10\/image-2-768x423.png 768w, https:\/\/foxo365.pl\/wp-content\/uploads\/2022\/10\/image-2-1536x846.png 1536w, https:\/\/foxo365.pl\/wp-content\/uploads\/2022\/10\/image-2-2048x1128.png 2048w, https:\/\/foxo365.pl\/wp-content\/uploads\/2022\/10\/image-2-18x10.png 18w, https:\/\/foxo365.pl\/wp-content\/uploads\/2022\/10\/image-2-250x138.png 250w\" sizes=\"(max-width: 1200px) 100vw, 1200px\" \/><\/div>\n<div class=\"contentBlock bg-white\">\n<h2 class=\"mb-0 d-block dsp-7 dsp-lg-8 lh-140 text-black font-weight-normal\">Esencja laptopa biznesowego<\/h2>\n<p class=\"mt-4 d-block dsp-3 lh-160 mt-4 text-black\">HP 255 posiada wszystkie cechy komputera przeno\u015bnego, kt\u00f3re s\u0105 niezb\u0119dne w nowoczesnym przedsi\u0119biorstwie. Dzi\u0119ki designowi jest w stanie wywrze\u0107 pozytywne wra\u017cenia na klientach swojego u\u017cytkownika. Niska waga oraz maksymalnie zmniejszone wymiary komputera pozwalaj\u0105 na \u0142atwiejsze jego przenoszenie. Wytrzyma\u0142a bateria to przyczyna, dla kt\u00f3rej mo\u017cna na d\u0142ugo zapomnie\u0107 o poszukiwaniu gniazdka elektrycznego. Du\u017ca matryca i wydzielony blok numeryczny odpowiadaj\u0105 za zwi\u0119kszony komfort, zar\u00f3wno przy przegl\u0105daniu tre\u015bci oraz jej tworzeniu lub edytowaniu.<\/p>\n<\/div>\n<div class=\"contentBlock p-0\"><img loading=\"lazy\" decoding=\"async\" class=\"aligncenter size-large wp-image-2330\" src=\"https:\/\/foxo365.pl\/wp-content\/uploads\/2022\/10\/image-3-1200x661.png\" alt=\"\" width=\"1200\" height=\"661\" srcset=\"https:\/\/foxo365.pl\/wp-content\/uploads\/2022\/10\/image-3-1200x661.png 1200w, https:\/\/foxo365.pl\/wp-content\/uploads\/2022\/10\/image-3-350x193.png 350w, https:\/\/foxo365.pl\/wp-content\/uploads\/2022\/10\/image-3-768x423.png 768w, https:\/\/foxo365.pl\/wp-content\/uploads\/2022\/10\/image-3-1536x846.png 1536w, https:\/\/foxo365.pl\/wp-content\/uploads\/2022\/10\/image-3-2048x1128.png 2048w, https:\/\/foxo365.pl\/wp-content\/uploads\/2022\/10\/image-3-18x10.png 18w, https:\/\/foxo365.pl\/wp-content\/uploads\/2022\/10\/image-3-250x138.png 250w\" sizes=\"(max-width: 1200px) 100vw, 1200px\" \/><\/div>\n<div class=\"contentBlock bg-white\">\n<h2 class=\"mb-0 d-block dsp-7 dsp-lg-8 lh-140 text-black font-weight-normal\">Wszystko co niezb\u0119dne<\/h2>\n<p class=\"mt-4 d-block dsp-3 lh-160 mt-4 text-black\">HP 255 posiada funkcj\u0119 i rozwi\u0105zania, kt\u00f3re pozytywnie wp\u0142ywaj\u0105 na wra\u017cenia z korzystania, bezpiecze\u0144stwo oraz komfort wykonywania swoich obowi\u0105zk\u00f3w. Mo\u017cliwo\u015b\u0107 zaszyfrowania dysku twardego pozwoli by\u0107 spokojniejszym, zar\u00f3wno o poufno\u015b\u0107 danych klient\u00f3w oraz wyniki przeprowadzonych prac. HP Noise Cancellation to technologia poprawy jako\u015bci d\u017awi\u0119ku podczas przeprowadzania telekonferencji. Eliminuje ona ha\u0142asy wydawane przez otoczenie rozm\u00f3wcy, przy czym dotyczy to r\u00f3wnie\u017c tych po drugie stronie po\u0142\u0105czenia. R\u00f3\u017cnorodno\u015b\u0107 dost\u0119pnych port\u00f3w umo\u017cliwia korzystanie z akcesori\u00f3w, dzi\u0119ki kt\u00f3rym u\u017cytkownik mo\u017ce szybciej wykona\u0107 swoj\u0105 prac\u0119.<\/p>\n<\/div>\n<div class=\"contentBlock p-0\"><\/div>\n<div class=\"contentBlock bg-white\">\n<h2 class=\"mb-0 d-block dsp-7 dsp-lg-8 lh-140 text-black font-weight-normal\">To urz\u0105dzenie obj\u0119te jest bezp\u0142atnym uaktualnieniem do systemu Windows 11 po jego udost\u0119pnieniu<\/h2>\n<p class=\"mt-4 d-block dsp-3 lh-160 mt-4 text-black\">Uaktualnienie do systemu Windows 11 b\u0119dzie udost\u0119pniane na kwalifikuj\u0105cych si\u0119 urz\u0105dzeniach. Proces ten rozpocz\u0105\u0142 si\u0119 pod koniec 2021 r. i b\u0119dzie kontynuowany w 2022 r. Harmonogram zale\u017cy od urz\u0105dzenia. Niekt\u00f3re funkcje wymagaj\u0105 okre\u015blonego sprz\u0119tu, zobacz: <a href=\"https:\/\/www.microsoft.com\/pl-pl\/windows\/windows-11-specifications\" target=\"_blank\" rel=\"nofollow noopener\">https:\/\/www.microsoft.com\/pl-pl\/windows\/windows-11-specifications<\/a>.<br \/>\nUaktualnienie do systemu Windows 11 mo\u017ce wymaga\u0107 zmiany ustawie\u0144 systemu BIOS i aktywacji Secure Boot oraz funkcji TPM. Wi\u0119cej informacji znajdziesz w instrukcji producenta Twojego urz\u0105dzenia oraz na stronie: <a href=\"https:\/\/support.microsoft.com\" target=\"_blank\" rel=\"nofollow noopener\">https:\/\/support.microsoft.com<\/a><\/p>\n<\/div>\n<div class=\"contentBlock p-0\"><img loading=\"lazy\" decoding=\"async\" class=\"aligncenter size-large wp-image-2331\" src=\"https:\/\/foxo365.pl\/wp-content\/uploads\/2022\/10\/image-4-1200x668.png\" alt=\"\" width=\"1200\" height=\"668\" srcset=\"https:\/\/foxo365.pl\/wp-content\/uploads\/2022\/10\/image-4-1200x668.png 1200w, https:\/\/foxo365.pl\/wp-content\/uploads\/2022\/10\/image-4-350x195.png 350w, https:\/\/foxo365.pl\/wp-content\/uploads\/2022\/10\/image-4-768x427.png 768w, https:\/\/foxo365.pl\/wp-content\/uploads\/2022\/10\/image-4-1536x854.png 1536w, https:\/\/foxo365.pl\/wp-content\/uploads\/2022\/10\/image-4-2048x1139.png 2048w, https:\/\/foxo365.pl\/wp-content\/uploads\/2022\/10\/image-4-18x10.png 18w, https:\/\/foxo365.pl\/wp-content\/uploads\/2022\/10\/image-4-250x139.png 250w\" sizes=\"(max-width: 1200px) 100vw, 1200px\" \/><picture><source srcset=\"\/pic\/721B\/J0A7T6O6L0n0K1j634l0h7t1y81661i4\/8-2640x.webp 2640w, \/pic\/E47D\/J0A7T6O6L0n0K1j634l0h7t1y81661i4\/8-1320x.webp 1320w, \/pic\/CBB6\/J0A7T6O6L0n0K1j634l0h7t1y81661i4\/8-720x.webp 720w, \/pic\/55E1\/J0A7T6O6L0n0K1j634l0h7t1y81661i4\/8-360x.webp 360w\" type=\"image\/webp\" sizes=\"65vw\" \/><source srcset=\"\/pic\/183D\/J0A7T6O6L0n0K1j634l0h7t1y81661i4\/8-2640x.png 2640w, \/pic\/F45B\/J0A7T6O6L0n0K1j634l0h7t1y81661i4\/8-1320x.png 1320w, \/pic\/1859\/J0A7T6O6L0n0K1j634l0h7t1y81661i4\/8-720x.png 720w, \/pic\/535A\/J0A7T6O6L0n0K1j634l0h7t1y81661i4\/8-360x.png 360w\" type=\"image\/png\" sizes=\"65vw\" \/><img loading=\"lazy\" decoding=\"async\" class=\"w-100 h-auto\" src=\"\/pic\/DF55\/J0A7T6O6L0n0K1j634l0h7t1y81661i4\/8-720x.jpg\" sizes=\"65vw\" srcset=\"\/pic\/E1DF\/J0A7T6O6L0n0K1j634l0h7t1y81661i4\/8-2640x.jpg 2640w, \/pic\/C4AA\/J0A7T6O6L0n0K1j634l0h7t1y81661i4\/8-1320x.jpg 1320w, \/pic\/DF55\/J0A7T6O6L0n0K1j634l0h7t1y81661i4\/8-720x.jpg 720w, \/pic\/7645\/J0A7T6O6L0n0K1j634l0h7t1y81661i4\/8-360x.jpg 360w\" alt=\"\" width=\"719\" height=\"400\" \/> <\/picture><\/div>\n<\/div>\n","protected":false},"excerpt":{"rendered":"<p>Odkryj HP255 Fundament pod ka\u017cdy nowoczesny biznes HP 255 jest idealnym rozwi\u0105zaniem dla przedsi\u0119biorc\u00f3w, kt\u00f3rzy potrzebuj\u0105 przyjaznych bud\u017cetowi i wydajnych komputer\u00f3w. Nowoczesne procesory AMD zapewniaj\u0105 szybk\u0105 reakcj\u0119 na dzia\u0142ania u\u017cytkownika i realizacj\u0119 zada\u0144, a tak\u017ce oszcz\u0119dno\u015b\u0107 energii. Przek\u0142ada si\u0119 to na wysok\u0105 produktywno\u015b\u0107, nawet w przypadku pracy poza biurem. Wyprowadzone na bokach obudowy porty gwarantuj\u0105 [&hellip;]<\/p>\n","protected":false},"featured_media":2326,"template":"","meta":[],"product_brand":[],"product_cat":[29],"product_tag":[],"class_list":{"0":"post-2319","1":"product","2":"type-product","3":"status-publish","4":"has-post-thumbnail","6":"product_cat-smart","8":"entry","9":"has-media","11":"first","12":"instock","13":"taxable","14":"shipping-taxable","15":"purchasable","16":"product-type-simple","17":"has-product-nav","18":"col","19":"span_1_of_3","20":"owp-content-center","21":"owp-thumbs-layout-horizontal","22":"owp-btn-normal","23":"owp-tabs-layout-horizontal"},"aioseo_notices":[],"_links":{"self":[{"href":"https:\/\/foxo365.pl\/pl_pl\/wp-json\/wp\/v2\/product\/2319","targetHints":{"allow":["GET"]}}],"collection":[{"href":"https:\/\/foxo365.pl\/pl_pl\/wp-json\/wp\/v2\/product"}],"about":[{"href":"https:\/\/foxo365.pl\/pl_pl\/wp-json\/wp\/v2\/types\/product"}],"wp:featuredmedia":[{"embeddable":true,"href":"https:\/\/foxo365.pl\/pl_pl\/wp-json\/wp\/v2\/media\/2326"}],"wp:attachment":[{"href":"https:\/\/foxo365.pl\/pl_pl\/wp-json\/wp\/v2\/media?parent=2319"}],"wp:term":[{"taxonomy":"product_brand","embeddable":true,"href":"https:\/\/foxo365.pl\/pl_pl\/wp-json\/wp\/v2\/product_brand?post=2319"},{"taxonomy":"product_cat","embeddable":true,"href":"https:\/\/foxo365.pl\/pl_pl\/wp-json\/wp\/v2\/product_cat?post=2319"},{"taxonomy":"product_tag","embeddable":true,"href":"https:\/\/foxo365.pl\/pl_pl\/wp-json\/wp\/v2\/product_tag?post=2319"}],"curies":[{"name":"wp","href":"https:\/\/api.w.org\/{rel}","templated":true}]}}