{"id":2405,"date":"2022-10-20T21:36:34","date_gmt":"2022-10-20T19:36:34","guid":{"rendered":"https:\/\/foxo365.pl\/?post_type=product&#038;p=2405"},"modified":"2025-11-28T12:36:58","modified_gmt":"2025-11-28T11:36:58","slug":"laptop-hp-probook-450-g8-43a22ea-16gb-i5-1135g7-156fhd-16gb-512ssd-int-w10p-kopia","status":"publish","type":"product","link":"https:\/\/foxo365.pl\/pl_pl\/specyfikacja\/laptop-hp-probook-450-g8-43a22ea-16gb-i5-1135g7-156fhd-16gb-512ssd-int-w10p-kopia\/","title":{"rendered":"Laptop HP ProBook 450 G8"},"content":{"rendered":"<div class=\"compactContent d-block mt-5\">\n<div class=\"contentBlock p-0\"><img fetchpriority=\"high\" decoding=\"async\" class=\"aligncenter size-large wp-image-2391\" src=\"https:\/\/foxo365.pl\/wp-content\/uploads\/2022\/10\/image-6-1200x661.png\" alt=\"\" width=\"1200\" height=\"661\" srcset=\"https:\/\/foxo365.pl\/wp-content\/uploads\/2022\/10\/image-6-1200x661.png 1200w, https:\/\/foxo365.pl\/wp-content\/uploads\/2022\/10\/image-6-350x193.png 350w, https:\/\/foxo365.pl\/wp-content\/uploads\/2022\/10\/image-6-768x423.png 768w, https:\/\/foxo365.pl\/wp-content\/uploads\/2022\/10\/image-6-1536x846.png 1536w, https:\/\/foxo365.pl\/wp-content\/uploads\/2022\/10\/image-6-2048x1128.png 2048w, https:\/\/foxo365.pl\/wp-content\/uploads\/2022\/10\/image-6-18x10.png 18w, https:\/\/foxo365.pl\/wp-content\/uploads\/2022\/10\/image-6-250x138.png 250w\" sizes=\"(max-width: 1200px) 100vw, 1200px\" \/><\/div>\n<div class=\"contentBlock bg-white\">\n<h3 class=\"dsp-6 dsp-lg-7 lh-140 m-0 text-gray\"><span style=\"color: #999999;\">Odkryj ProBook 450 G8<\/span><\/h3>\n<h2 class=\"mb-0 d-block dsp-7 dsp-lg-8 lh-140 text-black font-weight-normal\">Wydajno\u015b\u0107, bezpiecze\u0144stwo oraz styl w pracy<\/h2>\n<p class=\"mt-4 d-block dsp-3 lh-160 mt-4 text-black\">Modele <a href=\"https:\/\/delkom.pl\/k\/laptopy-hp-probook-450\">HP ProBook 450<\/a> G8 posiadaj\u0105 stylowe wykonanie, kt\u00f3re przyci\u0105ga wzrok klient\u00f3w, kiedy w\u0142a\u015bciciel laptopa u\u017cywa go w ich obecno\u015bci. Towarzyszy\u0107 temu b\u0119dzie tak\u017ce szybka odpowied\u017a komputera, co jest wynikiem zastosowania w nim wydajnych podzespo\u0142\u00f3w. Ta kombinacja jest dodatkowo okraszona szeregiem zabezpiecze\u0144 sprz\u0119towych oraz programowych. Chroni\u0105 one zawarto\u015b\u0107 komputera oraz dost\u0119p do niego samego przed osobami niepowo\u0142anymi. Podczas podejmowania przez klienta decyzji o nawi\u0105zaniu wsp\u00f3\u0142pracy z firm\u0105, takie wyposa\u017cenie pracownika mo\u017ce by\u0107 kluczowym aspektem wp\u0142ywaj\u0105cym na jego decyzje.<\/p>\n<\/div>\n<div class=\"contentBlock bg-black contentBlock__borderTop --white\">\n<ul>\n<li class=\"contentBlock__feature text-center text-white borderTop__item dsp-4 dsp-md-4 px-5\">Wydajno\u015b\u0107 dla efektywnej pracy<\/li>\n<li class=\"contentBlock__feature text-center text-white borderTop__item dsp-4 dsp-md-4 px-5\">Bezpiecze\u0144stwo informacyjne<\/li>\n<li class=\"contentBlock__feature text-center text-white borderTop__item dsp-4 dsp-md-4 px-5\">Komfortowy i mobilny zarazem<\/li>\n<li class=\"contentBlock__feature text-center text-white borderTop__item dsp-4 dsp-md-4 px-5\">\u015arodowisko ochronne firmy HP<\/li>\n<\/ul>\n<\/div>\n<div class=\"contentBlock bg-white\">\n<h2 class=\"mb-0 d-block dsp-7 dsp-lg-8 lh-140 text-black font-weight-normal\">Wydajno\u015b\u0107 dla efektywnej pracy<\/h2>\n<p class=\"mt-4 d-block dsp-3 lh-160 mt-4 text-black\">ProBook 450 G8 mo\u017ce by\u0107 wyposa\u017cony w jeden z kilku dost\u0119pnych na rynku nowoczesnych procesor\u00f3w firmy Intel. To one s\u0105 g\u0142\u00f3wn\u0105 przyczyn\u0105 jego wysokiej wydajno\u015bci, kt\u00f3ra odpowiada za mo\u017cliwo\u015b\u0107 szybkiej realizacji zada\u0144 przez u\u017cytkownika. Ponadto zapewniaj\u0105 kr\u00f3tki czas reakcji na dzia\u0142ania pracownika, ograniczaj\u0105c wszelkie przestoje i op\u00f3\u017anienia do absolutnego minimum. Pomagaj\u0105 im w tym dwa rodzaje szybkiej i pojemnej pami\u0119ci, dbaj\u0105c o to, aby CPU zawsze mia\u0142y \u0142atwy dost\u0119p do potrzebnych danych. Opcjonalna, dedykowana karta graficzna mo\u017ce tak\u017ce zosta\u0107 wykorzystana do przy\u015bpieszenia dzia\u0142a\u0144 \u015bci\u015ble zwi\u0105zanych z np. edycj\u0105 promocyjnych film\u00f3w etc.<\/p>\n<\/div>\n<div class=\"contentBlock p-0\"><img decoding=\"async\" class=\"aligncenter size-large wp-image-2392\" src=\"https:\/\/foxo365.pl\/wp-content\/uploads\/2022\/10\/image-7-1200x661.png\" alt=\"\" width=\"1200\" height=\"661\" srcset=\"https:\/\/foxo365.pl\/wp-content\/uploads\/2022\/10\/image-7-1200x661.png 1200w, https:\/\/foxo365.pl\/wp-content\/uploads\/2022\/10\/image-7-350x193.png 350w, https:\/\/foxo365.pl\/wp-content\/uploads\/2022\/10\/image-7-768x423.png 768w, https:\/\/foxo365.pl\/wp-content\/uploads\/2022\/10\/image-7-1536x846.png 1536w, https:\/\/foxo365.pl\/wp-content\/uploads\/2022\/10\/image-7-2048x1128.png 2048w, https:\/\/foxo365.pl\/wp-content\/uploads\/2022\/10\/image-7-18x10.png 18w, https:\/\/foxo365.pl\/wp-content\/uploads\/2022\/10\/image-7-250x138.png 250w\" sizes=\"(max-width: 1200px) 100vw, 1200px\" \/><\/div>\n<div class=\"contentBlock bg-white\">\n<h2 class=\"mb-0 d-block dsp-7 dsp-lg-8 lh-140 text-black font-weight-normal\">Bezpiecze\u0144stwo informacyjne<\/h2>\n<p class=\"mt-4 d-block dsp-3 lh-160 mt-4 text-black\">ProBook 450 G8 mo\u017ce by\u0107 wyposa\u017cony w kilka mechanizm\u00f3w ochronnych, kt\u00f3re zwi\u0119ksz\u0105 bezpiecze\u0144stwo zgromadzonych w jego wn\u0119trzu danych. Opcja szyfrowania zawarto\u015bci dysku b\u0119dzie zapewnieniem tego, \u017ce tylko prawowity w\u0142a\u015bciciel laptopa b\u0119dzie mia\u0142 mo\u017cliwo\u015b\u0107 ich odczytania. W kwestii zabezpieczenia fizycznego dost\u0119pu do samego urz\u0105dzenia, pomocne b\u0119d\u0105 opcjonalne: czytnik linii papilarnych i\/lub kamera z czujnikiem podczerwieni. Konieczno\u015b\u0107 fizycznej obecno\u015bci u\u017cytkownika, w celu zeskanowania jego odcisku palca lub wizerunku sprawi, \u017ce nikt niepowo\u0142any nie b\u0119dzie w stanie u\u017cy\u0107 laptopa bezwiednie.<\/p>\n<\/div>\n<div class=\"contentBlock p-0\"><img decoding=\"async\" class=\"aligncenter size-large wp-image-2393\" src=\"https:\/\/foxo365.pl\/wp-content\/uploads\/2022\/10\/image-8-1200x661.png\" alt=\"\" width=\"1200\" height=\"661\" srcset=\"https:\/\/foxo365.pl\/wp-content\/uploads\/2022\/10\/image-8-1200x661.png 1200w, https:\/\/foxo365.pl\/wp-content\/uploads\/2022\/10\/image-8-350x193.png 350w, https:\/\/foxo365.pl\/wp-content\/uploads\/2022\/10\/image-8-768x423.png 768w, https:\/\/foxo365.pl\/wp-content\/uploads\/2022\/10\/image-8-1536x846.png 1536w, https:\/\/foxo365.pl\/wp-content\/uploads\/2022\/10\/image-8-2048x1128.png 2048w, https:\/\/foxo365.pl\/wp-content\/uploads\/2022\/10\/image-8-18x10.png 18w, https:\/\/foxo365.pl\/wp-content\/uploads\/2022\/10\/image-8-250x138.png 250w\" sizes=\"(max-width: 1200px) 100vw, 1200px\" \/><\/div>\n<div class=\"contentBlock bg-white\">\n<h2 class=\"mb-0 d-block dsp-7 dsp-lg-8 lh-140 text-black font-weight-normal\">Komfortowy i mobilny zarazem<\/h2>\n<p class=\"mt-4 d-block dsp-3 lh-160 mt-4 text-black\">Design i wykonanie ProBook 450 G8 sprawia, \u017ce posiada on kilka zalet, kt\u00f3re doceni\u0105 wszystkie osoby pracuj\u0105ce mobilnie. Jego niska waga oraz maksymalnie zmniejszone rozmiary obudowy s\u0105 przyczynami, dla kt\u00f3rych \u0142atwo zabra\u0107 go ze sob\u0105 np. na spotkanie z klientem. Zach\u0119ca do tego tak\u017ce wygl\u0105d laptopa, kt\u00f3ry potrafi wywrze\u0107 pozytywne wra\u017cenie na otoczeniu. D\u0142ugi czas pracy bez dost\u0119pu do sieci elektrycznej to bezpo\u015brednia zas\u0142uga wytrzyma\u0142ej baterii. Wygodna klawiatura z wydzielonym blokiem numerycznym oraz wyra\u017ana matryca o rozmiarze 15,6 cala to aspekty, dzi\u0119ki kt\u00f3rym tworzenie i przegl\u0105danie dokument\u00f3w jest znacznie prostsze i przyjemniejsze.<\/p>\n<\/div>\n<div class=\"contentBlock p-0\"><img loading=\"lazy\" decoding=\"async\" class=\"aligncenter size-large wp-image-2394\" src=\"https:\/\/foxo365.pl\/wp-content\/uploads\/2022\/10\/image-9-1200x661.png\" alt=\"\" width=\"1200\" height=\"661\" srcset=\"https:\/\/foxo365.pl\/wp-content\/uploads\/2022\/10\/image-9-1200x661.png 1200w, https:\/\/foxo365.pl\/wp-content\/uploads\/2022\/10\/image-9-350x193.png 350w, https:\/\/foxo365.pl\/wp-content\/uploads\/2022\/10\/image-9-768x423.png 768w, https:\/\/foxo365.pl\/wp-content\/uploads\/2022\/10\/image-9-1536x846.png 1536w, https:\/\/foxo365.pl\/wp-content\/uploads\/2022\/10\/image-9-2048x1128.png 2048w, https:\/\/foxo365.pl\/wp-content\/uploads\/2022\/10\/image-9-18x10.png 18w, https:\/\/foxo365.pl\/wp-content\/uploads\/2022\/10\/image-9-250x138.png 250w\" sizes=\"(max-width: 1200px) 100vw, 1200px\" \/><\/div>\n<div class=\"contentBlock bg-white\">\n<h2 class=\"mb-0 d-block dsp-7 dsp-lg-8 lh-140 text-black font-weight-normal\">\u015arodowisko ochronne firmy HP<\/h2>\n<p class=\"mt-4 d-block dsp-3 lh-160 mt-4 text-black\">W trosce o bezpiecze\u0144stwo i prywatno\u015b\u0107 nabywc\u00f3w ich komputer\u00f3w, firma HP wyposa\u017cy\u0142a je w dodatkowe technologie i rozwi\u0105zania. W\u015br\u00f3d nich znale\u017a\u0107 mo\u017cna takie o nast\u0119puj\u0105cych zadaniach:<\/p>\n<ul>\n<li>Opcjonalne rozwi\u0105zanie HP Sure View sprawia, \u017ce ekran staje si\u0119 nieczytelny, gdy patrzy si\u0119 na niego z boku, blokuj\u0105c spojrzenia os\u00f3b niepowo\u0142anych.<\/li>\n<li>HP Sure Sense wykorzystuje g\u0142\u0119bokie uczenie do zapewniania wyj\u0105tkowej ochrony przed zaawansowanym z\u0142o\u015bliwym oprogramowaniem.<\/li>\n<li>HP Sure Click, za pomoc\u0105 sprz\u0119towych zabezpiecze\u0144, chroni komputer przed stronami internetowymi i za\u0142\u0105cznikami ze z\u0142o\u015bliwym oprogramowaniem, programami ransomware lub wirusami.<\/li>\n<li>HP Client Security Manager oferuje pojedynczy interfejs do konfigurowania zaawansowanych funkcji zabezpiecze\u0144 komputera i zarz\u0105dzania nimi.<\/li>\n<li>HP Sure Start automatycznie przywraca system BIOS po atakach z\u0142o\u015bliwego oprogramowania, program\u00f3w typu rootkit lub w\u0142amaniu.<\/li>\n<li>HP Sure Run utrzyma kluczowe zabezpieczenia zawsze w gotowo\u015bci i zapobiegnie ich zamkni\u0119ciu przez wirusy, malware etc.<\/li>\n<li>HP Sure Recover pozwoli na \u0142atwe odtworzenie systemu operacyjnego i oprogramowania po awarii komputera lub ataku hackera\/szkodliwego oprogramowania.<\/li>\n<li>HP Secure Erase pozwala \u0142atwo i trwale usun\u0105\u0107 wa\u017cne dane z dysk\u00f3w twardych przed ich utylizowaniem lub recyklingiem.<\/li>\n<\/ul>\n<\/div>\n<div class=\"contentBlock p-0\"><img loading=\"lazy\" decoding=\"async\" class=\"aligncenter size-large wp-image-2395\" src=\"https:\/\/foxo365.pl\/wp-content\/uploads\/2022\/10\/image-10-1200x661.png\" alt=\"\" width=\"1200\" height=\"661\" srcset=\"https:\/\/foxo365.pl\/wp-content\/uploads\/2022\/10\/image-10-1200x661.png 1200w, https:\/\/foxo365.pl\/wp-content\/uploads\/2022\/10\/image-10-350x193.png 350w, https:\/\/foxo365.pl\/wp-content\/uploads\/2022\/10\/image-10-768x423.png 768w, https:\/\/foxo365.pl\/wp-content\/uploads\/2022\/10\/image-10-1536x846.png 1536w, https:\/\/foxo365.pl\/wp-content\/uploads\/2022\/10\/image-10-2048x1128.png 2048w, https:\/\/foxo365.pl\/wp-content\/uploads\/2022\/10\/image-10-18x10.png 18w, https:\/\/foxo365.pl\/wp-content\/uploads\/2022\/10\/image-10-250x138.png 250w\" sizes=\"(max-width: 1200px) 100vw, 1200px\" \/><\/div>\n<div class=\"contentBlock bg-white\">\n<h2 class=\"mb-0 d-block dsp-7 dsp-lg-8 lh-140 text-black font-weight-normal\">To urz\u0105dzenie obj\u0119te jest bezp\u0142atnym uaktualnieniem do systemu Windows 11 po jego udost\u0119pnieniu<\/h2>\n<p class=\"mt-4 d-block dsp-3 lh-160 mt-4 text-black\">Uaktualnienie do systemu Windows 11 b\u0119dzie udost\u0119pniane na kwalifikuj\u0105cych si\u0119 urz\u0105dzeniach. Proces ten rozpocz\u0105\u0142 si\u0119 pod koniec 2021 r. i b\u0119dzie kontynuowany w 2022 r. Harmonogram zale\u017cy od urz\u0105dzenia. Niekt\u00f3re funkcje wymagaj\u0105 okre\u015blonego sprz\u0119tu, zobacz: <a href=\"https:\/\/www.microsoft.com\/pl-pl\/windows\/windows-11-specifications\" target=\"_blank\" rel=\"nofollow noopener\">https:\/\/www.microsoft.com\/pl-pl\/windows\/windows-11-specifications<\/a>.<br \/>\nUaktualnienie do systemu Windows 11 mo\u017ce wymaga\u0107 zmiany ustawie\u0144 systemu BIOS i aktywacji Secure Boot oraz funkcji TPM. Wi\u0119cej informacji znajdziesz w instrukcji producenta Twojego urz\u0105dzenia oraz na stronie: <a href=\"https:\/\/support.microsoft.com\" target=\"_blank\" rel=\"nofollow noopener\">https:\/\/support.microsoft.com<\/a><\/p>\n<\/div>\n<div class=\"contentBlock p-0\"><picture><source srcset=\"\/pic\/721B\/J0A7T6O6L0n0K1j634l0h7t1y81661i4\/8-2640x.webp 2640w, \/pic\/E47D\/J0A7T6O6L0n0K1j634l0h7t1y81661i4\/8-1320x.webp 1320w, \/pic\/CBB6\/J0A7T6O6L0n0K1j634l0h7t1y81661i4\/8-720x.webp 720w, \/pic\/55E1\/J0A7T6O6L0n0K1j634l0h7t1y81661i4\/8-360x.webp 360w\" type=\"image\/webp\" sizes=\"65vw\" \/><source srcset=\"\/pic\/183D\/J0A7T6O6L0n0K1j634l0h7t1y81661i4\/8-2640x.png 2640w, \/pic\/F45B\/J0A7T6O6L0n0K1j634l0h7t1y81661i4\/8-1320x.png 1320w, \/pic\/1859\/J0A7T6O6L0n0K1j634l0h7t1y81661i4\/8-720x.png 720w, \/pic\/535A\/J0A7T6O6L0n0K1j634l0h7t1y81661i4\/8-360x.png 360w\" type=\"image\/png\" sizes=\"65vw\" \/><img loading=\"lazy\" decoding=\"async\" class=\"w-100 h-auto\" src=\"\/pic\/DF55\/J0A7T6O6L0n0K1j634l0h7t1y81661i4\/8-720x.jpg\" sizes=\"65vw\" srcset=\"\/pic\/E1DF\/J0A7T6O6L0n0K1j634l0h7t1y81661i4\/8-2640x.jpg 2640w, \/pic\/C4AA\/J0A7T6O6L0n0K1j634l0h7t1y81661i4\/8-1320x.jpg 1320w, \/pic\/DF55\/J0A7T6O6L0n0K1j634l0h7t1y81661i4\/8-720x.jpg 720w, \/pic\/7645\/J0A7T6O6L0n0K1j634l0h7t1y81661i4\/8-360x.jpg 360w\" alt=\"\" width=\"719\" height=\"400\" \/><\/picture><\/div>\n<\/div>\n","protected":false},"excerpt":{"rendered":"<p>Odkryj ProBook 450 G8 Wydajno\u015b\u0107, bezpiecze\u0144stwo oraz styl w pracy Modele HP ProBook 450 G8 posiadaj\u0105 stylowe wykonanie, kt\u00f3re przyci\u0105ga wzrok klient\u00f3w, kiedy w\u0142a\u015bciciel laptopa u\u017cywa go w ich obecno\u015bci. Towarzyszy\u0107 temu b\u0119dzie tak\u017ce szybka odpowied\u017a komputera, co jest wynikiem zastosowania w nim wydajnych podzespo\u0142\u00f3w. Ta kombinacja jest dodatkowo okraszona szeregiem zabezpiecze\u0144 sprz\u0119towych oraz programowych. [&hellip;]<\/p>\n","protected":false},"featured_media":2398,"template":"","meta":[],"product_brand":[],"product_cat":[28],"product_tag":[],"class_list":{"0":"post-2405","1":"product","2":"type-product","3":"status-publish","4":"has-post-thumbnail","6":"product_cat-flex-pro","8":"entry","9":"has-media","11":"first","12":"instock","13":"taxable","14":"shipping-taxable","15":"purchasable","16":"product-type-simple","17":"has-product-nav","18":"col","19":"span_1_of_3","20":"owp-content-center","21":"owp-thumbs-layout-horizontal","22":"owp-btn-normal","23":"owp-tabs-layout-horizontal"},"aioseo_notices":[],"_links":{"self":[{"href":"https:\/\/foxo365.pl\/pl_pl\/wp-json\/wp\/v2\/product\/2405","targetHints":{"allow":["GET"]}}],"collection":[{"href":"https:\/\/foxo365.pl\/pl_pl\/wp-json\/wp\/v2\/product"}],"about":[{"href":"https:\/\/foxo365.pl\/pl_pl\/wp-json\/wp\/v2\/types\/product"}],"wp:featuredmedia":[{"embeddable":true,"href":"https:\/\/foxo365.pl\/pl_pl\/wp-json\/wp\/v2\/media\/2398"}],"wp:attachment":[{"href":"https:\/\/foxo365.pl\/pl_pl\/wp-json\/wp\/v2\/media?parent=2405"}],"wp:term":[{"taxonomy":"product_brand","embeddable":true,"href":"https:\/\/foxo365.pl\/pl_pl\/wp-json\/wp\/v2\/product_brand?post=2405"},{"taxonomy":"product_cat","embeddable":true,"href":"https:\/\/foxo365.pl\/pl_pl\/wp-json\/wp\/v2\/product_cat?post=2405"},{"taxonomy":"product_tag","embeddable":true,"href":"https:\/\/foxo365.pl\/pl_pl\/wp-json\/wp\/v2\/product_tag?post=2405"}],"curies":[{"name":"wp","href":"https:\/\/api.w.org\/{rel}","templated":true}]}}