{"id":2421,"date":"2022-10-20T21:50:15","date_gmt":"2022-10-20T19:50:15","guid":{"rendered":"https:\/\/foxo365.pl\/?post_type=product&#038;p=2421"},"modified":"2025-11-28T12:36:12","modified_gmt":"2025-11-28T11:36:12","slug":"vostro-flex","status":"publish","type":"product","link":"https:\/\/foxo365.pl\/pl_pl\/specyfikacja\/vostro-flex\/","title":{"rendered":"Laptop Dell Vostro 3510"},"content":{"rendered":"<div class=\"compactContent d-block mt-5\">\n<div class=\"contentBlock p-0\"><img fetchpriority=\"high\" decoding=\"async\" class=\"aligncenter size-large wp-image-2407\" src=\"https:\/\/foxo365.pl\/wp-content\/uploads\/2022\/10\/image-12-1200x661.png\" alt=\"\" width=\"1200\" height=\"661\" srcset=\"https:\/\/foxo365.pl\/wp-content\/uploads\/2022\/10\/image-12-1200x661.png 1200w, https:\/\/foxo365.pl\/wp-content\/uploads\/2022\/10\/image-12-350x193.png 350w, https:\/\/foxo365.pl\/wp-content\/uploads\/2022\/10\/image-12-768x423.png 768w, https:\/\/foxo365.pl\/wp-content\/uploads\/2022\/10\/image-12-1536x846.png 1536w, https:\/\/foxo365.pl\/wp-content\/uploads\/2022\/10\/image-12-2048x1128.png 2048w, https:\/\/foxo365.pl\/wp-content\/uploads\/2022\/10\/image-12-18x10.png 18w, https:\/\/foxo365.pl\/wp-content\/uploads\/2022\/10\/image-12-250x138.png 250w\" sizes=\"(max-width: 1200px) 100vw, 1200px\" \/><\/div>\n<div class=\"contentBlock bg-white\">\n<h3 class=\"dsp-6 dsp-lg-7 lh-140 m-0 text-gray\"><span style=\"color: #999999;\">Odkryj Vostro 3510<\/span><\/h3>\n<h2 class=\"mb-0 d-block dsp-7 dsp-lg-8 lh-140 text-black font-weight-normal\">Wydajny i przyst\u0119pny jednocze\u015bnie<\/h2>\n<p class=\"mt-4 d-block dsp-3 lh-160 mt-4 text-black\"><a href=\"https:\/\/delkom.pl\/k\/laptopy-dell-vostro-3510\">Dell Vostro 3510<\/a> jest wydajnym narz\u0119dziem pracy, kt\u00f3re jednocze\u015bnie posiada bardzo przyst\u0119pn\u0105 cen\u0119. Ka\u017cde przedsi\u0119biorstwo z ograniczonym bud\u017cetem doceni to po\u0142\u0105czenie oraz wp\u0142yw, jakie ma ono na jego rozw\u00f3j. Klasyczny design i elegancki wygl\u0105d oraz wytrzyma\u0142a bateria sprawiaj\u0105, \u017ce laptop mo\u017cna z powodzeniem zabra\u0107 na wa\u017cne spotkanie z klientem. Nowoczesne podzespo\u0142y zagwarantuj\u0105 przy tym p\u0142ynn\u0105 i szybk\u0105 prac\u0119, umo\u017cliwiaj\u0105c zako\u0144czenie ka\u017cdego zlecenia w wyznaczonym terminie. Co wi\u0119cej, wbudowane w niego zabezpieczenia s\u0105 gwarancj\u0105 ochrony wszystkich danych firmy oraz jej klient\u00f3w przed osobami niepowo\u0142anymi.<\/p>\n<\/div>\n<div class=\"contentBlock bg-black contentBlock__borderTop --white\">\n<ul>\n<li class=\"contentBlock__feature text-center text-white borderTop__item dsp-4 dsp-md-4 px-5\">Wydajno\u015b\u0107 nowej generacji<\/li>\n<li class=\"contentBlock__feature text-center text-white borderTop__item dsp-4 dsp-md-4 px-5\">Balans mo\u017cliwo\u015bci do ceny<\/li>\n<li class=\"contentBlock__feature text-center text-white borderTop__item dsp-4 dsp-md-4 px-5\">Zabezpieczenia daj\u0105ce pewno\u015b\u0107<\/li>\n<li class=\"contentBlock__feature text-center text-white borderTop__item dsp-4 dsp-md-4 px-5\">Wygodna praca w dowolnym miejscu<\/li>\n<\/ul>\n<\/div>\n<div class=\"contentBlock bg-white\">\n<h2 class=\"mb-0 d-block dsp-7 dsp-lg-8 lh-140 text-black font-weight-normal\">Wydajno\u015b\u0107 nowej generacji<\/h2>\n<p class=\"mt-4 d-block dsp-3 lh-160 mt-4 text-black\">Modele Vostro 3510 oddaj\u0105 do dyspozycji swoich w\u0142a\u015bcicieli nowoczesne procesory firmy Intel. Ich wysoka moc obliczeniowa sprawia, \u017ce komputer nie tylko szybko realizuje stawiane przed nim zadania. Inny odczuwalny efekt obecno\u015bci tego podzespo\u0142u to b\u0142yskawiczne odpowiedzi systemu na polecenia oraz kr\u00f3tki czas potrzebny na uruchomienie aplikacji. O minimalizacj\u0119 op\u00f3\u017anie\u0144 w dost\u0119pie do danych dbaj\u0105 pami\u0119ci: operacyjna i masowa. Dzi\u0119ki nim CPU ma sta\u0142y, niczym nie ograniczony dost\u0119p do informacji potrzebnych do efektywnego dzia\u0142ania. Opcjonalne, dedykowane karty graficzne idealnie sprawdzaj\u0105 si\u0119 podczas np. edycji wszelkiego rodzaju materia\u0142\u00f3w wideo.<\/p>\n<\/div>\n<div class=\"contentBlock p-0\"><img decoding=\"async\" class=\"aligncenter size-large wp-image-2408\" src=\"https:\/\/foxo365.pl\/wp-content\/uploads\/2022\/10\/image-13-1200x661.png\" alt=\"\" width=\"1200\" height=\"661\" srcset=\"https:\/\/foxo365.pl\/wp-content\/uploads\/2022\/10\/image-13-1200x661.png 1200w, https:\/\/foxo365.pl\/wp-content\/uploads\/2022\/10\/image-13-350x193.png 350w, https:\/\/foxo365.pl\/wp-content\/uploads\/2022\/10\/image-13-768x423.png 768w, https:\/\/foxo365.pl\/wp-content\/uploads\/2022\/10\/image-13-1536x846.png 1536w, https:\/\/foxo365.pl\/wp-content\/uploads\/2022\/10\/image-13-2048x1128.png 2048w, https:\/\/foxo365.pl\/wp-content\/uploads\/2022\/10\/image-13-18x10.png 18w, https:\/\/foxo365.pl\/wp-content\/uploads\/2022\/10\/image-13-250x138.png 250w\" sizes=\"(max-width: 1200px) 100vw, 1200px\" \/><\/div>\n<div class=\"contentBlock bg-white\">\n<h2 class=\"mb-0 d-block dsp-7 dsp-lg-8 lh-140 text-black font-weight-normal\">Balans mo\u017cliwo\u015bci do ceny<\/h2>\n<p class=\"mt-4 d-block dsp-3 lh-160 mt-4 text-black\">Vostro 3510 stworzono z my\u015bl\u0105 o instytucjach z ograniczeniami bud\u017cetowymi, kt\u00f3re nadal jednak potrzebuj\u0105 wydajnego narz\u0119dzia pracy. W ten obraz wpisuj\u0105 si\u0119 niemal wszystkie jednoosobowe dzia\u0142alno\u015bci gospodarcze, ma\u0142e firmy oraz przedsi\u0119biorstwa szukaj\u0105ce oszcz\u0119dno\u015bci. Nie nale\u017cy jednak zak\u0142ada\u0107, \u017ce producent musia\u0142 p\u00f3j\u015b\u0107 na kompromisy w zwi\u0105zku z tym za\u0142o\u017ceniem. Komputer dostarcza nie tylko du\u017cej mocy obliczeniowej &#8211; jego elegancka obudowa wywiera pozytywne wra\u017cenia, a wbudowane zabezpieczenie zapewniaj\u0105 spok\u00f3j ducha. Takie zestawienie zalet mo\u017ce sta\u0107 si\u0119 czynnikiem stymuluj\u0105cym rozw\u00f3j, a tak\u017ce pozwalaj\u0105cym np. oszcz\u0119dzi\u0107 czas podczas realizacji projektu.<\/p>\n<\/div>\n<div class=\"contentBlock p-0\"><img decoding=\"async\" class=\"aligncenter size-large wp-image-2409\" src=\"https:\/\/foxo365.pl\/wp-content\/uploads\/2022\/10\/image-14-1200x661.png\" alt=\"\" width=\"1200\" height=\"661\" srcset=\"https:\/\/foxo365.pl\/wp-content\/uploads\/2022\/10\/image-14-1200x661.png 1200w, https:\/\/foxo365.pl\/wp-content\/uploads\/2022\/10\/image-14-350x193.png 350w, https:\/\/foxo365.pl\/wp-content\/uploads\/2022\/10\/image-14-768x423.png 768w, https:\/\/foxo365.pl\/wp-content\/uploads\/2022\/10\/image-14-1536x846.png 1536w, https:\/\/foxo365.pl\/wp-content\/uploads\/2022\/10\/image-14-2048x1128.png 2048w, https:\/\/foxo365.pl\/wp-content\/uploads\/2022\/10\/image-14-18x10.png 18w, https:\/\/foxo365.pl\/wp-content\/uploads\/2022\/10\/image-14-250x138.png 250w\" sizes=\"(max-width: 1200px) 100vw, 1200px\" \/><\/div>\n<div class=\"contentBlock bg-white\">\n<h2 class=\"mb-0 d-block dsp-7 dsp-lg-8 lh-140 text-black font-weight-normal\">Zabezpieczenia daj\u0105ce pewno\u015b\u0107<\/h2>\n<p class=\"mt-4 d-block dsp-3 lh-160 mt-4 text-black\">W\u0142a\u015bciciele Vostro 3510, wyposa\u017conych w opcjonalny czytnik linii papilarnych, mog\u0105 by\u0107 spokojni, je\u015bli chodzi o skutecznie zabezpieczony dost\u0119p do laptopa. B\u0119dzie on bowiem wymaga\u0142 u\u017cycia metody logowania, kt\u00f3rej nie jest w stanie obej\u015b\u0107 \u017cadna osoba niepowo\u0142ana. Dopiero odcisk palca prawid\u0142owego u\u017cytkownika spowoduje, \u017ce komputer w pe\u0142ni si\u0119 uruchomi. Aby dodatkowo podnie\u015b\u0107 stopie\u0144 ochrony informacji na dysku twardym, mo\u017cliwe jest skorzystanie z TPM (Trusted Platform Module). Wygeneruje on unikatowy klucz, kt\u00f3ry nast\u0119pnie wykorzysta system operacyjny w celu zaszyfrowania wszystkich plik\u00f3w wewn\u0105trz urz\u0105dzenia. Po\u0142\u0105czenie tych dw\u00f3ch sk\u0142adnik\u00f3w to gwarancja, \u017ce tajemnice firmy zabezpieczono w kompetentny spos\u00f3b.<\/p>\n<\/div>\n<div class=\"contentBlock p-0\"><img loading=\"lazy\" decoding=\"async\" class=\"aligncenter size-large wp-image-2410\" src=\"https:\/\/foxo365.pl\/wp-content\/uploads\/2022\/10\/image-15-1200x661.png\" alt=\"\" width=\"1200\" height=\"661\" srcset=\"https:\/\/foxo365.pl\/wp-content\/uploads\/2022\/10\/image-15-1200x661.png 1200w, https:\/\/foxo365.pl\/wp-content\/uploads\/2022\/10\/image-15-350x193.png 350w, https:\/\/foxo365.pl\/wp-content\/uploads\/2022\/10\/image-15-768x423.png 768w, https:\/\/foxo365.pl\/wp-content\/uploads\/2022\/10\/image-15-1536x846.png 1536w, https:\/\/foxo365.pl\/wp-content\/uploads\/2022\/10\/image-15-2048x1128.png 2048w, https:\/\/foxo365.pl\/wp-content\/uploads\/2022\/10\/image-15-18x10.png 18w, https:\/\/foxo365.pl\/wp-content\/uploads\/2022\/10\/image-15-250x138.png 250w\" sizes=\"(max-width: 1200px) 100vw, 1200px\" \/><\/div>\n<div class=\"contentBlock bg-white\">\n<h2 class=\"mb-0 d-block dsp-7 dsp-lg-8 lh-140 text-black font-weight-normal\">Wygodna praca w dowolnym miejscu<\/h2>\n<p class=\"mt-4 d-block dsp-3 lh-160 mt-4 text-black\">Vostro 3510 stworzono jako zbalansowane po\u0142\u0105czenie mobilno\u015bci i wygody pracy. Je\u015bli chodzi o pierwszy z wspomnianych aspekt\u00f3w, nale\u017cy wspomnie\u0107 przede wszystkim nisk\u0105 wag\u0119 urz\u0105dzenia. Znacz\u0105co u\u0142atwia ona przenoszenie laptopa, zw\u0142aszcza podczas d\u0142ugich podr\u00f3\u017cy. Wytrzyma\u0142a bateria z funkcj\u0105 szybkiego \u0142adowania to z kolei gwarancja d\u0142ugiej pracy bez pod\u0142\u0105czania si\u0119 do sieci elektrycznej. Elementami odpowiadaj\u0105cymi za komfort wykonywania obowi\u0105zk\u00f3w s\u0105 klawiatura z blokiem numerycznym i opcjonalnym pod\u015bwietleniem oraz du\u017ca matryca. Ich kombinacja pozwala w \u0142atwy spos\u00f3b tworzy\u0107 i przegl\u0105da\u0107 tre\u015bci, nawet w przypadku pracy w zacienionym pomieszczeniu (np. podczas pokazu z wykorzystaniem projektora).<\/p>\n<\/div>\n<div class=\"contentBlock p-0\"><img loading=\"lazy\" decoding=\"async\" class=\"aligncenter size-large wp-image-2411\" src=\"https:\/\/foxo365.pl\/wp-content\/uploads\/2022\/10\/image-16-1200x661.png\" alt=\"\" width=\"1200\" height=\"661\" srcset=\"https:\/\/foxo365.pl\/wp-content\/uploads\/2022\/10\/image-16-1200x661.png 1200w, https:\/\/foxo365.pl\/wp-content\/uploads\/2022\/10\/image-16-350x193.png 350w, https:\/\/foxo365.pl\/wp-content\/uploads\/2022\/10\/image-16-768x423.png 768w, https:\/\/foxo365.pl\/wp-content\/uploads\/2022\/10\/image-16-1536x846.png 1536w, https:\/\/foxo365.pl\/wp-content\/uploads\/2022\/10\/image-16-2048x1128.png 2048w, https:\/\/foxo365.pl\/wp-content\/uploads\/2022\/10\/image-16-18x10.png 18w, https:\/\/foxo365.pl\/wp-content\/uploads\/2022\/10\/image-16-250x138.png 250w\" sizes=\"(max-width: 1200px) 100vw, 1200px\" \/><\/div>\n<\/div>\n","protected":false},"excerpt":{"rendered":"<p>Odkryj Vostro 3510 Wydajny i przyst\u0119pny jednocze\u015bnie Dell Vostro 3510 jest wydajnym narz\u0119dziem pracy, kt\u00f3re jednocze\u015bnie posiada bardzo przyst\u0119pn\u0105 cen\u0119. Ka\u017cde przedsi\u0119biorstwo z ograniczonym bud\u017cetem doceni to po\u0142\u0105czenie oraz wp\u0142yw, jakie ma ono na jego rozw\u00f3j. Klasyczny design i elegancki wygl\u0105d oraz wytrzyma\u0142a bateria sprawiaj\u0105, \u017ce laptop mo\u017cna z powodzeniem zabra\u0107 na wa\u017cne spotkanie z [&hellip;]<\/p>\n","protected":false},"featured_media":2420,"template":"","meta":[],"product_brand":[],"product_cat":[27],"product_tag":[],"class_list":{"0":"post-2421","1":"product","2":"type-product","3":"status-publish","4":"has-post-thumbnail","6":"product_cat-flex","8":"entry","9":"has-media","11":"first","12":"instock","13":"taxable","14":"shipping-taxable","15":"purchasable","16":"product-type-simple","17":"has-product-nav","18":"col","19":"span_1_of_3","20":"owp-content-center","21":"owp-thumbs-layout-horizontal","22":"owp-btn-normal","23":"owp-tabs-layout-horizontal"},"aioseo_notices":[],"_links":{"self":[{"href":"https:\/\/foxo365.pl\/pl_pl\/wp-json\/wp\/v2\/product\/2421","targetHints":{"allow":["GET"]}}],"collection":[{"href":"https:\/\/foxo365.pl\/pl_pl\/wp-json\/wp\/v2\/product"}],"about":[{"href":"https:\/\/foxo365.pl\/pl_pl\/wp-json\/wp\/v2\/types\/product"}],"wp:featuredmedia":[{"embeddable":true,"href":"https:\/\/foxo365.pl\/pl_pl\/wp-json\/wp\/v2\/media\/2420"}],"wp:attachment":[{"href":"https:\/\/foxo365.pl\/pl_pl\/wp-json\/wp\/v2\/media?parent=2421"}],"wp:term":[{"taxonomy":"product_brand","embeddable":true,"href":"https:\/\/foxo365.pl\/pl_pl\/wp-json\/wp\/v2\/product_brand?post=2421"},{"taxonomy":"product_cat","embeddable":true,"href":"https:\/\/foxo365.pl\/pl_pl\/wp-json\/wp\/v2\/product_cat?post=2421"},{"taxonomy":"product_tag","embeddable":true,"href":"https:\/\/foxo365.pl\/pl_pl\/wp-json\/wp\/v2\/product_tag?post=2421"}],"curies":[{"name":"wp","href":"https:\/\/api.w.org\/{rel}","templated":true}]}}