{"id":2422,"date":"2022-10-20T21:58:33","date_gmt":"2022-10-20T19:58:33","guid":{"rendered":"https:\/\/foxo365.pl\/?post_type=product&#038;p=2422"},"modified":"2025-11-28T12:37:06","modified_gmt":"2025-11-28T11:37:06","slug":"laptop-lenovo-thinkpad-e15-g2-20td00gnpb-i5-1135g7-156fhd-8gb-256ssd-int-w11p","status":"publish","type":"product","link":"https:\/\/foxo365.pl\/pl_pl\/specyfikacja\/laptop-lenovo-thinkpad-e15-g2-20td00gnpb-i5-1135g7-156fhd-8gb-256ssd-int-w11p\/","title":{"rendered":"Laptop Lenovo ThinkPad E15 G2"},"content":{"rendered":"<div class=\"compactContent d-block mt-5\">\n<div class=\"contentBlock p-0\"><img fetchpriority=\"high\" decoding=\"async\" class=\"aligncenter size-large wp-image-2423\" src=\"https:\/\/foxo365.pl\/wp-content\/uploads\/2022\/10\/image-17-1200x661.png\" alt=\"\" width=\"1200\" height=\"661\" srcset=\"https:\/\/foxo365.pl\/wp-content\/uploads\/2022\/10\/image-17-1200x661.png 1200w, https:\/\/foxo365.pl\/wp-content\/uploads\/2022\/10\/image-17-350x193.png 350w, https:\/\/foxo365.pl\/wp-content\/uploads\/2022\/10\/image-17-768x423.png 768w, https:\/\/foxo365.pl\/wp-content\/uploads\/2022\/10\/image-17-1536x846.png 1536w, https:\/\/foxo365.pl\/wp-content\/uploads\/2022\/10\/image-17-2048x1128.png 2048w, https:\/\/foxo365.pl\/wp-content\/uploads\/2022\/10\/image-17-18x10.png 18w, https:\/\/foxo365.pl\/wp-content\/uploads\/2022\/10\/image-17-250x138.png 250w\" sizes=\"(max-width: 1200px) 100vw, 1200px\" \/><\/div>\n<div class=\"contentBlock bg-white\">\n<h3 class=\"dsp-6 dsp-lg-7 lh-140 m-0 text-gray\"><span style=\"color: #999999;\">Odkryj ThinkPad E15<\/span><\/h3>\n<h2 class=\"mb-0 d-block dsp-7 dsp-lg-8 lh-140 text-black font-weight-normal\">Wszystko co niezb\u0119dne do pracy<\/h2>\n<p class=\"mt-4 d-block dsp-3 lh-160 mt-4 text-black\"><a href=\"https:\/\/delkom.pl\/k\/laptopy-lenovo-thinkpad-e15\">Lenovo ThinkPad E15<\/a> oferuje swojemu w\u0142a\u015bcicielowi wszystko, co b\u0119dzie mu niezb\u0119dne do efektywnej pracy. Wydajne procesory s\u0105 przyczyn\u0105, dla kt\u00f3rej laptop b\u0142yskawicznie reaguje oraz egzekwuje wszelkie wydane mu polecenia. Bateria z funkcj\u0105 szybkiego \u0142adowania pozwala d\u0142ugo pracowa\u0107 bez dost\u0119pu do sieci elektrycznej. Du\u017ca matryca oraz wygodna klawiatura z blokiem numerycznym zapewniaj\u0105 komfort przegl\u0105dania oraz edycji i tworzenia tre\u015bci. Obudowa komputera z kolei posiada elegancki, klasyczny wygl\u0105d, a tak\u017ce zwi\u0119kszon\u0105 odporno\u015b\u0107 na uszkodzenia. Dzi\u0119ki temu mo\u017cna by\u0107 pewniejszym siebie i spokojniejszym zarazem, np. podczas udawania si\u0119 na rozmow\u0119 z wa\u017cnym klientem.<\/p>\n<\/div>\n<\/div>\n","protected":false},"excerpt":{"rendered":"<p>Odkryj ThinkPad E15 Wszystko co niezb\u0119dne do pracy Lenovo ThinkPad E15 oferuje swojemu w\u0142a\u015bcicielowi wszystko, co b\u0119dzie mu niezb\u0119dne do efektywnej pracy. Wydajne procesory s\u0105 przyczyn\u0105, dla kt\u00f3rej laptop b\u0142yskawicznie reaguje oraz egzekwuje wszelkie wydane mu polecenia. Bateria z funkcj\u0105 szybkiego \u0142adowania pozwala d\u0142ugo pracowa\u0107 bez dost\u0119pu do sieci elektrycznej. Du\u017ca matryca oraz wygodna klawiatura [&hellip;]<\/p>\n","protected":false},"featured_media":2435,"template":"","meta":[],"product_brand":[],"product_cat":[28],"product_tag":[],"class_list":{"0":"post-2422","1":"product","2":"type-product","3":"status-publish","4":"has-post-thumbnail","6":"product_cat-flex-pro","8":"entry","9":"has-media","11":"first","12":"instock","13":"taxable","14":"shipping-taxable","15":"purchasable","16":"product-type-simple","17":"has-product-nav","18":"col","19":"span_1_of_3","20":"owp-content-center","21":"owp-thumbs-layout-horizontal","22":"owp-btn-normal","23":"owp-tabs-layout-horizontal"},"aioseo_notices":[],"_links":{"self":[{"href":"https:\/\/foxo365.pl\/pl_pl\/wp-json\/wp\/v2\/product\/2422","targetHints":{"allow":["GET"]}}],"collection":[{"href":"https:\/\/foxo365.pl\/pl_pl\/wp-json\/wp\/v2\/product"}],"about":[{"href":"https:\/\/foxo365.pl\/pl_pl\/wp-json\/wp\/v2\/types\/product"}],"wp:featuredmedia":[{"embeddable":true,"href":"https:\/\/foxo365.pl\/pl_pl\/wp-json\/wp\/v2\/media\/2435"}],"wp:attachment":[{"href":"https:\/\/foxo365.pl\/pl_pl\/wp-json\/wp\/v2\/media?parent=2422"}],"wp:term":[{"taxonomy":"product_brand","embeddable":true,"href":"https:\/\/foxo365.pl\/pl_pl\/wp-json\/wp\/v2\/product_brand?post=2422"},{"taxonomy":"product_cat","embeddable":true,"href":"https:\/\/foxo365.pl\/pl_pl\/wp-json\/wp\/v2\/product_cat?post=2422"},{"taxonomy":"product_tag","embeddable":true,"href":"https:\/\/foxo365.pl\/pl_pl\/wp-json\/wp\/v2\/product_tag?post=2422"}],"curies":[{"name":"wp","href":"https:\/\/api.w.org\/{rel}","templated":true}]}}